{"id":178,"date":"2021-02-07T13:01:10","date_gmt":"2021-02-07T12:01:10","guid":{"rendered":"https:\/\/backup.144ontour.com\/strona-glowna-copy\/"},"modified":"2026-03-16T10:59:08","modified_gmt":"2026-03-16T09:59:08","slug":"o-firmie","status":"publish","type":"page","link":"https:\/\/chemis.com.pl\/de\/o-firmie\/","title":{"rendered":"\u00dcber uns"},"content":{"rendered":"<p>[et_pb_section fb_built=&#8221;1&#8243; _builder_version=&#8221;4.8.2&#8243; _module_preset=&#8221;default&#8221; background_enable_color=&#8221;off&#8221; background_image=&#8221;https:\/\/chemis.com.pl\/wp-content\/uploads\/2021\/02\/Header-bg.png&#8221; background_position=&#8221;bottom_center&#8221; custom_padding=&#8221;6%||6%||true|false&#8221; global_module=&#8221;258&#8243; saved_tabs=&#8221;all&#8221; global_colors_info=&#8221;{}&#8221;][et_pb_row _builder_version=&#8221;4.16&#8243; _module_preset=&#8221;default&#8221; global_colors_info=&#8221;{}&#8221;][et_pb_column type=&#8221;4_4&#8243; _builder_version=&#8221;4.16&#8243; _module_preset=&#8221;default&#8221; global_colors_info=&#8221;{}&#8221;][et_pb_text _builder_version=&#8221;4.16&#8243; _dynamic_attributes=&#8221;content&#8221; _module_preset=&#8221;default&#8221; text_font=&#8221;|800|||||||&#8221; text_text_color=&#8221;#161633&#8243; text_font_size=&#8221;36px&#8221; header_2_font=&#8221;|800|||||||&#8221; header_2_text_align=&#8221;center&#8221; header_2_font_size=&#8221;30px&#8221; text_orientation=&#8221;center&#8221; text_font_size_tablet=&#8221;34px&#8221; text_font_size_phone=&#8221;28px&#8221; text_font_size_last_edited=&#8221;on|phone&#8221; global_colors_info=&#8221;{}&#8221;]@ET-DC@eyJkeW5hbWljIjp0cnVlLCJjb250ZW50IjoicG9zdF90aXRsZSIsInNldHRpbmdzIjp7ImJlZm9yZSI6IiIsImFmdGVyIjoiIn19@[\/et_pb_text][\/et_pb_column][\/et_pb_row][\/et_pb_section][et_pb_section fb_built=&#8221;1&#8243; custom_padding_last_edited=&#8221;on|phone&#8221; _builder_version=&#8221;4.16&#8243; _module_preset=&#8221;default&#8221; custom_padding=&#8221;4%||4%||true|false&#8221; custom_padding_tablet=&#8221;6%||6%||true|false&#8221; custom_padding_phone=&#8221;8%||8%||true|false&#8221; global_colors_info=&#8221;{}&#8221;][et_pb_row _builder_version=&#8221;4.17.4&#8243; _module_preset=&#8221;default&#8221; global_colors_info=&#8221;{}&#8221;][et_pb_column type=&#8221;4_4&#8243; module_class=&#8221;ds-vertical-align&#8221; _builder_version=&#8221;4.16&#8243; _module_preset=&#8221;default&#8221; global_colors_info=&#8221;{}&#8221;][et_pb_text _builder_version=&#8221;4.16&#8243; _module_preset=&#8221;default&#8221; text_font_size=&#8221;18px&#8221; header_2_font=&#8221;|800|||||||&#8221; header_2_text_align=&#8221;left&#8221; header_2_font_size=&#8221;30px&#8221; text_orientation=&#8221;center&#8221; global_colors_info=&#8221;{}&#8221;]<\/p>\n<h2>Historia firmy<\/h2>\n<p>[\/et_pb_text][et_pb_text _builder_version=&#8221;4.17.4&#8243; _module_preset=&#8221;default&#8221; text_font_size=&#8221;18px&#8221; header_3_font=&#8221;|800|||||||&#8221; header_3_font_size=&#8221;20px&#8221; header_3_line_height=&#8221;1.2em&#8221; global_colors_info=&#8221;{}&#8221;]Od samego pocz\u0105tku swojego istnienia CHEMIS Sp. z o.o. by\u0142a przedsi\u0119wzi\u0119ciem pasjonat\u00f3w chemii gospodarczej. Powsta\u0142a w 2025 r. z profilem dzia\u0142alno\u015bci produkcja \u015brodk\u00f3w chemicznych zwi\u0105zanych z toalet\u0105.<\/p>\n<p>Produkcja obejmuje marki w\u0142asne Miss CLO i DrGetler. Katalog produkt\u00f3w zmienia\u0142 si\u0119 w zale\u017cno\u015bci od potrzeb rynku w danym momencie. W chwili obecnej produkowane s\u0105: kr\u0105\u017cki wc barwi\u0105ce wod\u0119, kostki wc i zapasy wc, kostki barwi\u0105ce wc, 3D kulki wc oraz barwi\u0105ce 3D kulki wc. Obok rzowijania marek w\u0142asnych, zajmuje si\u0119 produkcj\u0105 marek czo\u0142owych sieci dystrybucyjnych krajowych oraz zagranicznych. Jako producent marek w\u0142asnych w zakresie chemii gospodarczej postawi\u0142a na dzia\u0142alno\u015b\u0107 produkcyjn\u0105 w\u0105skiej gamy produkt\u00f3w aby m\u00f3c stale poprawia\u0107 ich jako\u015b\u0107 i walory estetyczne. Firma dostosowuje na bie\u017c\u0105co park maszynowy do aktualnego profilu produkcji zar\u00f3wno w zakresie samego procesu produkcyjnego jak i procesu konfekcji. Park maszynowy pozwala sprosta\u0107 wysokim wymaganiom jakie sp\u00f3\u0142ka sobie postawi\u0142a aby spe\u0142ni\u0107 wszelkie potrzeby i oczekiwania swoich licznych, wymagaj\u0105cych i pr\u0119\u017cnie dzia\u0142aj\u0105cych klient\u00f3w zar\u00f3wno czo\u0142owych sieci dystrybucyjnych krajowych jak i zagranicznych.[\/et_pb_text][\/et_pb_column][\/et_pb_row][\/et_pb_section]<\/p>\n","protected":false},"excerpt":{"rendered":"<p>Historia firmyOd samego pocz\u0105tku swojego istnienia CHEMIS Sp. z o.o. by\u0142a przedsi\u0119wzi\u0119ciem pasjonat\u00f3w chemii gospodarczej. Powsta\u0142a w 2025 r. z profilem dzia\u0142alno\u015bci produkcja \u015brodk\u00f3w chemicznych zwi\u0105zanych z toalet\u0105. Produkcja obejmuje marki w\u0142asne Miss CLO i DrGetler. Katalog produkt\u00f3w zmienia\u0142 si\u0119 w zale\u017cno\u015bci od potrzeb rynku w danym momencie. W chwili obecnej produkowane s\u0105: kr\u0105\u017cki wc [&hellip;]<\/p>\n","protected":false},"author":1,"featured_media":0,"parent":0,"menu_order":0,"comment_status":"closed","ping_status":"closed","template":"","meta":{"_et_pb_use_builder":"on","_et_pb_old_content":"<!-- wp:divi\/placeholder \/-->","_et_gb_content_width":""},"yoast_head":"<!-- This site is optimized with the Yoast SEO plugin v18.8 - https:\/\/yoast.com\/wordpress\/plugins\/seo\/ -->\n<title>O firmie - Chemis - chemis.com.pl<\/title>\n<meta name=\"robots\" content=\"index, follow, max-snippet:-1, max-image-preview:large, max-video-preview:-1\" \/>\n<link rel=\"canonical\" href=\"https:\/\/chemis.com.pl\/de\/o-firmie\/\" \/>\n<meta property=\"og:locale\" content=\"de_DE\" \/>\n<meta property=\"og:type\" content=\"article\" \/>\n<meta property=\"og:title\" content=\"O firmie - Chemis - chemis.com.pl\" \/>\n<meta property=\"og:description\" content=\"Historia firmyOd samego pocz\u0105tku swojego istnienia CHEMIS Sp. z o.o. by\u0142a przedsi\u0119wzi\u0119ciem pasjonat\u00f3w chemii gospodarczej. Powsta\u0142a w 2025 r. z profilem dzia\u0142alno\u015bci produkcja \u015brodk\u00f3w chemicznych zwi\u0105zanych z toalet\u0105. Produkcja obejmuje marki w\u0142asne Miss CLO i DrGetler. Katalog produkt\u00f3w zmienia\u0142 si\u0119 w zale\u017cno\u015bci od potrzeb rynku w danym momencie. W chwili obecnej produkowane s\u0105: kr\u0105\u017cki wc [&hellip;]\" \/>\n<meta property=\"og:url\" content=\"https:\/\/chemis.com.pl\/de\/o-firmie\/\" \/>\n<meta property=\"og:site_name\" content=\"Chemis\" \/>\n<meta property=\"article:modified_time\" content=\"2026-03-16T09:59:08+00:00\" \/>\n<meta name=\"twitter:card\" content=\"summary_large_image\" \/>\n<meta name=\"twitter:label1\" content=\"Gesch\u00e4tzte Lesezeit\" \/>\n\t<meta name=\"twitter:data1\" content=\"2\u00a0Minuten\" \/>\n<script type=\"application\/ld+json\" class=\"yoast-schema-graph\">{\"@context\":\"https:\/\/schema.org\",\"@graph\":[{\"@type\":\"WebSite\",\"@id\":\"https:\/\/chemis.com.pl\/#website\",\"url\":\"https:\/\/chemis.com.pl\/\",\"name\":\"Chemis\",\"description\":\"\",\"potentialAction\":[{\"@type\":\"SearchAction\",\"target\":{\"@type\":\"EntryPoint\",\"urlTemplate\":\"https:\/\/chemis.com.pl\/?s={search_term_string}\"},\"query-input\":\"required name=search_term_string\"}],\"inLanguage\":\"de\"},{\"@type\":\"WebPage\",\"@id\":\"https:\/\/chemis.com.pl\/o-firmie\/#webpage\",\"url\":\"https:\/\/chemis.com.pl\/o-firmie\/\",\"name\":\"O firmie - Chemis - chemis.com.pl\",\"isPartOf\":{\"@id\":\"https:\/\/chemis.com.pl\/#website\"},\"datePublished\":\"2021-02-07T12:01:10+00:00\",\"dateModified\":\"2026-03-16T09:59:08+00:00\",\"breadcrumb\":{\"@id\":\"https:\/\/chemis.com.pl\/o-firmie\/#breadcrumb\"},\"inLanguage\":\"de\",\"potentialAction\":[{\"@type\":\"ReadAction\",\"target\":[\"https:\/\/chemis.com.pl\/o-firmie\/\"]}]},{\"@type\":\"BreadcrumbList\",\"@id\":\"https:\/\/chemis.com.pl\/o-firmie\/#breadcrumb\",\"itemListElement\":[{\"@type\":\"ListItem\",\"position\":1,\"name\":\"Home\",\"item\":\"https:\/\/chemis.com.pl\/\"},{\"@type\":\"ListItem\",\"position\":2,\"name\":\"O firmie\"}]}]}<\/script>\n<!-- \/ Yoast SEO plugin. -->","yoast_head_json":{"title":"O firmie - Chemis - chemis.com.pl","robots":{"index":"index","follow":"follow","max-snippet":"max-snippet:-1","max-image-preview":"max-image-preview:large","max-video-preview":"max-video-preview:-1"},"canonical":"https:\/\/chemis.com.pl\/de\/o-firmie\/","og_locale":"de_DE","og_type":"article","og_title":"O firmie - Chemis - chemis.com.pl","og_description":"Historia firmyOd samego pocz\u0105tku swojego istnienia CHEMIS Sp. z o.o. by\u0142a przedsi\u0119wzi\u0119ciem pasjonat\u00f3w chemii gospodarczej. Powsta\u0142a w 2025 r. z profilem dzia\u0142alno\u015bci produkcja \u015brodk\u00f3w chemicznych zwi\u0105zanych z toalet\u0105. Produkcja obejmuje marki w\u0142asne Miss CLO i DrGetler. Katalog produkt\u00f3w zmienia\u0142 si\u0119 w zale\u017cno\u015bci od potrzeb rynku w danym momencie. W chwili obecnej produkowane s\u0105: kr\u0105\u017cki wc [&hellip;]","og_url":"https:\/\/chemis.com.pl\/de\/o-firmie\/","og_site_name":"Chemis","article_modified_time":"2026-03-16T09:59:08+00:00","twitter_card":"summary_large_image","twitter_misc":{"Gesch\u00e4tzte Lesezeit":"2\u00a0Minuten"},"schema":{"@context":"https:\/\/schema.org","@graph":[{"@type":"WebSite","@id":"https:\/\/chemis.com.pl\/#website","url":"https:\/\/chemis.com.pl\/","name":"Chemis","description":"","potentialAction":[{"@type":"SearchAction","target":{"@type":"EntryPoint","urlTemplate":"https:\/\/chemis.com.pl\/?s={search_term_string}"},"query-input":"required name=search_term_string"}],"inLanguage":"de"},{"@type":"WebPage","@id":"https:\/\/chemis.com.pl\/o-firmie\/#webpage","url":"https:\/\/chemis.com.pl\/o-firmie\/","name":"O firmie - Chemis - chemis.com.pl","isPartOf":{"@id":"https:\/\/chemis.com.pl\/#website"},"datePublished":"2021-02-07T12:01:10+00:00","dateModified":"2026-03-16T09:59:08+00:00","breadcrumb":{"@id":"https:\/\/chemis.com.pl\/o-firmie\/#breadcrumb"},"inLanguage":"de","potentialAction":[{"@type":"ReadAction","target":["https:\/\/chemis.com.pl\/o-firmie\/"]}]},{"@type":"BreadcrumbList","@id":"https:\/\/chemis.com.pl\/o-firmie\/#breadcrumb","itemListElement":[{"@type":"ListItem","position":1,"name":"Home","item":"https:\/\/chemis.com.pl\/"},{"@type":"ListItem","position":2,"name":"O firmie"}]}]}},"_links":{"self":[{"href":"https:\/\/chemis.com.pl\/de\/wp-json\/wp\/v2\/pages\/178"}],"collection":[{"href":"https:\/\/chemis.com.pl\/de\/wp-json\/wp\/v2\/pages"}],"about":[{"href":"https:\/\/chemis.com.pl\/de\/wp-json\/wp\/v2\/types\/page"}],"author":[{"embeddable":true,"href":"https:\/\/chemis.com.pl\/de\/wp-json\/wp\/v2\/users\/1"}],"replies":[{"embeddable":true,"href":"https:\/\/chemis.com.pl\/de\/wp-json\/wp\/v2\/comments?post=178"}],"version-history":[{"count":35,"href":"https:\/\/chemis.com.pl\/de\/wp-json\/wp\/v2\/pages\/178\/revisions"}],"predecessor-version":[{"id":1056,"href":"https:\/\/chemis.com.pl\/de\/wp-json\/wp\/v2\/pages\/178\/revisions\/1056"}],"wp:attachment":[{"href":"https:\/\/chemis.com.pl\/de\/wp-json\/wp\/v2\/media?parent=178"}],"curies":[{"name":"wp","href":"https:\/\/api.w.org\/{rel}","templated":true}]}}