{"id":9,"date":"2020-10-27T15:06:57","date_gmt":"2020-10-27T14:06:57","guid":{"rendered":"https:\/\/backup.144ontour.com\/?page_id=9"},"modified":"2026-03-16T11:17:22","modified_gmt":"2026-03-16T10:17:22","slug":"strona-glowna","status":"publish","type":"page","link":"https:\/\/chemis.com.pl\/de\/","title":{"rendered":"Strona g\u0142\u00f3wna"},"content":{"rendered":"<p>[et_pb_section fb_built=&#8221;1&#8243; custom_padding_last_edited=&#8221;on|phone&#8221; _builder_version=&#8221;4.17.4&#8243; _module_preset=&#8221;default&#8221; background_image=&#8221;https:\/\/chemis.com.pl\/wp-content\/uploads\/2021\/01\/Home-1-bg.jpg&#8221; custom_padding=&#8221;20vh||20vh||true|false&#8221; custom_padding_tablet=&#8221;20vh||10vh||false|false&#8221; custom_padding_phone=&#8221;20vh||6vh||false|false&#8221; global_colors_info=&#8221;{}&#8221;][et_pb_row column_structure=&#8221;1_2,1_2&#8243; make_equal=&#8221;on&#8221; _builder_version=&#8221;4.16&#8243; _module_preset=&#8221;default&#8221; positioning=&#8221;none&#8221; position_origin_a=&#8221;center_center&#8221; custom_padding=&#8221;||||false|false&#8221; global_colors_info=&#8221;{}&#8221;][et_pb_column type=&#8221;1_2&#8243; module_class=&#8221;ds-vertical-align&#8221; _builder_version=&#8221;4.16&#8243; _module_preset=&#8221;default&#8221; global_colors_info=&#8221;{}&#8221;][et_pb_text _builder_version=&#8221;4.16&#8243; _module_preset=&#8221;default&#8221; header_font=&#8221;|800|||||||&#8221; header_font_size=&#8221;42px&#8221; header_line_height=&#8221;1.2em&#8221; custom_margin=&#8221;||10px||false|false&#8221; header_font_size_tablet=&#8221;38px&#8221; header_font_size_phone=&#8221;34px&#8221; header_font_size_last_edited=&#8221;on|phone&#8221; global_colors_info=&#8221;{}&#8221;]<\/p>\n<h1>Produkcja \u015brodk\u00f3w chemicznych<\/h1>\n<p>[\/et_pb_text][et_pb_button button_url=&#8221;#wiecej&#8221; button_text=&#8221;Dowiedz si\u0119 wi\u0119cej&#8221; _builder_version=&#8221;4.16&#8243; _module_preset=&#8221;default&#8221; custom_button=&#8221;on&#8221; button_text_size=&#8221;16px&#8221; button_text_color=&#8221;#FFFFFF&#8221; button_bg_color=&#8221;#FF0001&#8243; button_border_width=&#8221;9px&#8221; button_border_color=&#8221;#FF0001&#8243; button_border_radius=&#8221;50px&#8221; global_colors_info=&#8221;{}&#8221;][\/et_pb_button][\/et_pb_column][et_pb_column type=&#8221;1_2&#8243; module_class=&#8221;ds-vertical-align&#8221; _builder_version=&#8221;4.16&#8243; _module_preset=&#8221;default&#8221; global_colors_info=&#8221;{}&#8221;][et_pb_image src=&#8221;https:\/\/chemis.com.pl\/wp-content\/uploads\/2021\/01\/Home-1.png&#8221; align=&#8221;center&#8221; _builder_version=&#8221;4.17.4&#8243; _module_preset=&#8221;default&#8221; global_colors_info=&#8221;{}&#8221;][\/et_pb_image][\/et_pb_column][\/et_pb_row][\/et_pb_section][et_pb_section fb_built=&#8221;1&#8243; custom_padding_last_edited=&#8221;on|phone&#8221; module_id=&#8221;wiecej&#8221; _builder_version=&#8221;4.16&#8243; _module_preset=&#8221;default&#8221; custom_padding=&#8221;4%||4%||true|false&#8221; custom_padding_tablet=&#8221;6%||6%||true|false&#8221; custom_padding_phone=&#8221;8%||8%||true|false&#8221; global_colors_info=&#8221;{}&#8221;][et_pb_row _builder_version=&#8221;4.16&#8243; _module_preset=&#8221;default&#8221; global_colors_info=&#8221;{}&#8221;][et_pb_column type=&#8221;4_4&#8243; _builder_version=&#8221;4.16&#8243; _module_preset=&#8221;default&#8221; global_colors_info=&#8221;{}&#8221;][et_pb_text _builder_version=&#8221;4.16&#8243; _module_preset=&#8221;default&#8221; text_font_size=&#8221;18px&#8221; header_2_font=&#8221;|800|||||||&#8221; header_2_text_align=&#8221;center&#8221; header_2_font_size=&#8221;30px&#8221; text_orientation=&#8221;center&#8221; global_colors_info=&#8221;{}&#8221;]<\/p>\n<h2>Sprawd\u017a nasze produkty<\/h2>\n<p>Oferujemy bogat\u0105 gam\u0119 produkt\u00f3w do toalet, kt\u00f3re wyka\u017c\u0105 si\u0119 profesjonalizmem w akcji.[\/et_pb_text][\/et_pb_column][\/et_pb_row][et_pb_row column_structure=&#8221;1_2,1_2&#8243; make_equal=&#8221;on&#8221; _builder_version=&#8221;4.16&#8243; _module_preset=&#8221;default&#8221; global_colors_info=&#8221;{}&#8221;][et_pb_column type=&#8221;1_2&#8243; module_class=&#8221;ds-vertical-align&#8221; _builder_version=&#8221;4.16&#8243; _module_preset=&#8221;default&#8221; global_colors_info=&#8221;{}&#8221;][et_pb_image src=&#8221;https:\/\/chemis.com.pl\/wp-content\/uploads\/2021\/01\/Produkty-1-bg.png&#8221; title_text=&#8221;Nasze produkty&#8221; _builder_version=&#8221;4.16&#8243; _module_preset=&#8221;default&#8221; scroll_vertical_motion_enable=&#8221;on&#8221; scroll_vertical_motion=&#8221;0|50|50|100|0.3|0|-0.3&#8243; global_colors_info=&#8221;{}&#8221;][\/et_pb_image][\/et_pb_column][et_pb_column type=&#8221;1_2&#8243; module_class=&#8221;ds-vertical-align&#8221; _builder_version=&#8221;4.16&#8243; _module_preset=&#8221;default&#8221; global_colors_info=&#8221;{}&#8221;][et_pb_text _builder_version=&#8221;4.17.4&#8243; _module_preset=&#8221;default&#8221; text_font_size=&#8221;18px&#8221; header_3_font=&#8221;|800|||||||&#8221; header_3_font_size=&#8221;20px&#8221; header_3_line_height=&#8221;1.2em&#8221; hover_enabled=&#8221;0&#8243; global_colors_info=&#8221;{}&#8221; sticky_enabled=&#8221;0&#8243;]<\/p>\n<h3>Elastycznie reagujemy na potrzeby swoich klient\u00f3w i oferuje atrakcyjn\u0105 gam\u0119 produkt\u00f3w.<\/h3>\n<p>[\/et_pb_text][et_pb_button button_url=&#8221;@ET-DC@eyJkeW5hbWljIjp0cnVlLCJjb250ZW50IjoicG9zdF9saW5rX3VybF9wYWdlIiwic2V0dGluZ3MiOnsicG9zdF9pZCI6IjI3NiJ9fQ==@&#8221; button_text=&#8221;Nasze produkty&#8221; _builder_version=&#8221;4.16&#8243; _dynamic_attributes=&#8221;button_url&#8221; _module_preset=&#8221;default&#8221; custom_button=&#8221;on&#8221; button_text_size=&#8221;16px&#8221; button_text_color=&#8221;#FFFFFF&#8221; button_bg_color=&#8221;#FF0001&#8243; button_border_width=&#8221;9px&#8221; button_border_color=&#8221;#FF0001&#8243; button_border_radius=&#8221;50px&#8221; custom_margin_tablet=&#8221;||||false|false&#8221; custom_margin_phone=&#8221;||||false|false&#8221; custom_margin_last_edited=&#8221;off|phone&#8221; custom_padding_tablet=&#8221;||||false|false&#8221; custom_padding_last_edited=&#8221;off|tablet&#8221; global_colors_info=&#8221;{}&#8221;][\/et_pb_button][\/et_pb_column][\/et_pb_row][et_pb_row _builder_version=&#8221;4.16&#8243; _module_preset=&#8221;default&#8221; width=&#8221;100%&#8221; max_width=&#8221;100%&#8221; custom_margin=&#8221;0px||0px||true|false&#8221; custom_padding=&#8221;0px||0px||true|false&#8221; global_colors_info=&#8221;{}&#8221;][et_pb_column type=&#8221;4_4&#8243; _builder_version=&#8221;4.16&#8243; _module_preset=&#8221;default&#8221; global_colors_info=&#8221;{}&#8221;][et_pb_image src=&#8221;https:\/\/chemis.com.pl\/wp-content\/uploads\/2021\/02\/Home-2-bg.png&#8221; title_text=&#8221;Home-2-bg&#8221; show_bottom_space=&#8221;off&#8221; align=&#8221;right&#8221; _builder_version=&#8221;4.16&#8243; _module_preset=&#8221;default&#8221; width_tablet=&#8221;20%&#8221; width_phone=&#8221;30%&#8221; width_last_edited=&#8221;on|tablet&#8221; min_height_last_edited=&#8221;off|tablet&#8221; custom_margin=&#8221;0px||0px||true|false&#8221; custom_padding=&#8221;0px||0px||true|false&#8221; custom_css_main_element=&#8221;margin-bottom: -100px !important;||margin-top: -100px !important;&#8221; global_colors_info=&#8221;{}&#8221; width__hover_enabled=&#8221;off|desktop&#8221;][\/et_pb_image][\/et_pb_column][\/et_pb_row][\/et_pb_section][et_pb_section fb_built=&#8221;1&#8243; custom_padding_last_edited=&#8221;on|phone&#8221; _builder_version=&#8221;4.16&#8243; _module_preset=&#8221;default&#8221; custom_padding=&#8221;4%||4%||true|false&#8221; custom_padding_tablet=&#8221;6%||6%||true|false&#8221; custom_padding_phone=&#8221;8%||8%||true|false&#8221; global_colors_info=&#8221;{}&#8221;][et_pb_row _builder_version=&#8221;4.16&#8243; _module_preset=&#8221;default&#8221; global_colors_info=&#8221;{}&#8221;][et_pb_column type=&#8221;4_4&#8243; _builder_version=&#8221;4.16&#8243; _module_preset=&#8221;default&#8221; global_colors_info=&#8221;{}&#8221;][et_pb_text _builder_version=&#8221;4.16&#8243; _module_preset=&#8221;default&#8221; text_font_size=&#8221;18px&#8221; header_2_font=&#8221;|800|||||||&#8221; header_2_text_align=&#8221;center&#8221; header_2_font_size=&#8221;30px&#8221; text_orientation=&#8221;center&#8221; max_width=&#8221;70%&#8221; max_width_tablet=&#8221;100%&#8221; max_width_phone=&#8221;100%&#8221; max_width_last_edited=&#8221;on|phone&#8221; module_alignment=&#8221;center&#8221; global_colors_info=&#8221;{}&#8221;]<\/p>\n<h2>Nasze us\u0142ugi<\/h2>\n<p>W odpowiedzi na zmieniaj\u0105ce si\u0119 oczekiwania naszych obecnych jak i przysz\u0142ych klient\u00f3w, w ramach posiadanego parku maszynowego oraz do\u015bwiadczenia, oferujemy szeroka gam\u0119 us\u0142ug.[\/et_pb_text][\/et_pb_column][\/et_pb_row][et_pb_row column_structure=&#8221;1_3,1_3,1_3&#8243; use_custom_gutter=&#8221;on&#8221; gutter_width=&#8221;2&#8243; make_equal=&#8221;on&#8221; _builder_version=&#8221;4.16&#8243; _module_preset=&#8221;default&#8221; global_colors_info=&#8221;{}&#8221;][et_pb_column type=&#8221;1_3&#8243; _builder_version=&#8221;4.16&#8243; _module_preset=&#8221;default&#8221; custom_padding=&#8221;4%|3%|4%|3%|true|true&#8221; custom_padding_tablet=&#8221;6%|6%|6%|6%|true|true&#8221; custom_padding_phone=&#8221;10%|10%|10%|10%|true|true&#8221; custom_padding_last_edited=&#8221;on|phone&#8221; border_radii=&#8221;on|10px|10px|10px|10px&#8221; box_shadow_style=&#8221;preset1&#8243; box_shadow_color=&#8221;rgba(80,120,148,0.17)&#8221; global_colors_info=&#8221;{}&#8221;][et_pb_blurb title=&#8221;Produkcja pod mark\u0105 w\u0142asn\u0105 klienta&#8221; image=&#8221;https:\/\/chemis.com.pl\/wp-content\/uploads\/2021\/01\/Produkcja-icon.png&#8221; image_icon_width=&#8221;30%&#8221; content_max_width=&#8221;100%&#8221; image_icon_width_tablet=&#8221;30%&#8221; image_icon_width_phone=&#8221;30%&#8221; image_icon_width_last_edited=&#8221;on|phone&#8221; icon_alignment_last_edited=&#8221;off|desktop&#8221; _builder_version=&#8221;4.16&#8243; _module_preset=&#8221;default&#8221; header_level=&#8221;h3&#8243; header_font=&#8221;|800|||||||&#8221; header_font_size=&#8221;20px&#8221; header_line_height=&#8221;1.4em&#8221; animation=&#8221;off&#8221; link_option_url=&#8221;\/uslugi\/#1&#8243; image_max_width=&#8221;30%&#8221; image_max_width_tablet=&#8221;30%&#8221; image_max_width_phone=&#8221;30%&#8221; image_max_width_last_edited=&#8221;on|phone&#8221; global_colors_info=&#8221;{}&#8221;]Oferujemy profesjonalne produktu do toalety, kt\u00f3re mog\u0105 wspaniale prezentowa\u0107 si\u0119 w szacie graficznej i pod mark\u0105 klienta stanowi\u0105c poszerzenie jego gamy produktowej.[\/et_pb_blurb][\/et_pb_column][et_pb_column type=&#8221;1_3&#8243; _builder_version=&#8221;4.16&#8243; _module_preset=&#8221;default&#8221; custom_padding=&#8221;4%|3%|4%|3%|true|true&#8221; custom_padding_tablet=&#8221;6%|6%|6%|6%|true|true&#8221; custom_padding_phone=&#8221;10%|10%|10%|10%|true|true&#8221; custom_padding_last_edited=&#8221;on|phone&#8221; border_radii=&#8221;on|10px|10px|10px|10px&#8221; box_shadow_style=&#8221;preset1&#8243; box_shadow_color=&#8221;rgba(80,120,148,0.17)&#8221; global_colors_info=&#8221;{}&#8221;][et_pb_blurb title=&#8221;Konfekcjonowanie  &#8211; opakowania typu blister&#8221; image=&#8221;https:\/\/chemis.com.pl\/wp-content\/uploads\/2021\/01\/Konfekcjonowanie-icon.png&#8221; image_icon_width=&#8221;30%&#8221; content_max_width=&#8221;100%&#8221; image_icon_width_tablet=&#8221;30%&#8221; image_icon_width_phone=&#8221;30%&#8221; image_icon_width_last_edited=&#8221;on|phone&#8221; _builder_version=&#8221;4.16&#8243; _module_preset=&#8221;default&#8221; header_level=&#8221;h3&#8243; header_font=&#8221;|800|||||||&#8221; header_font_size=&#8221;20px&#8221; header_line_height=&#8221;1.4em&#8221; animation=&#8221;off&#8221; link_option_url=&#8221;\/uslugi\/#2&#8243; image_max_width=&#8221;30%&#8221; image_max_width_tablet=&#8221;30%&#8221; image_max_width_phone=&#8221;30%&#8221; image_max_width_last_edited=&#8221;on|phone&#8221; global_colors_info=&#8221;{}&#8221;]Posiadamy park maszynowy odpowiedni aby zaoferowa\u0107 pakowanie produkt\u00f3w przy wykorzystaniu etykiety i wyt\u0142oczki blister.[\/et_pb_blurb][\/et_pb_column][et_pb_column type=&#8221;1_3&#8243; _builder_version=&#8221;4.16&#8243; _module_preset=&#8221;default&#8221; custom_padding=&#8221;4%|3%|4%|3%|true|true&#8221; custom_padding_tablet=&#8221;6%|6%|6%|6%|true|true&#8221; custom_padding_phone=&#8221;10%|10%|10%|10%|true|true&#8221; custom_padding_last_edited=&#8221;on|phone&#8221; border_radii=&#8221;on|10px|10px|10px|10px&#8221; box_shadow_style=&#8221;preset1&#8243; box_shadow_color=&#8221;rgba(80,120,148,0.17)&#8221; global_colors_info=&#8221;{}&#8221;][et_pb_blurb title=&#8221;Pakowanie na automatach poziomych typu flow-pack&#8221; image=&#8221;https:\/\/chemis.com.pl\/wp-content\/uploads\/2021\/05\/Pakowanie-icon.png&#8221; image_icon_width=&#8221;30%&#8221; content_max_width=&#8221;100%&#8221; image_icon_width_tablet=&#8221;30%&#8221; image_icon_width_phone=&#8221;30%&#8221; image_icon_width_last_edited=&#8221;on|phone&#8221; _builder_version=&#8221;4.16&#8243; _module_preset=&#8221;default&#8221; header_level=&#8221;h3&#8243; header_font=&#8221;|800|||||||&#8221; header_font_size=&#8221;20px&#8221; header_line_height=&#8221;1.4em&#8221; animation=&#8221;off&#8221; link_option_url=&#8221;\/uslugi\/#3&#8243; image_max_width=&#8221;30%&#8221; image_max_width_tablet=&#8221;30%&#8221; image_max_width_phone=&#8221;30%&#8221; image_max_width_last_edited=&#8221;on|phone&#8221; global_colors_info=&#8221;{}&#8221;]Oferujemy pakowanie, kt\u00f3re precyzyjnie zabezpiecza produkt. Sam proces pakowania jest szybki, skuteczny i bardzo popularny.[\/et_pb_blurb][\/et_pb_column][\/et_pb_row][\/et_pb_section]<\/p>\n","protected":false},"excerpt":{"rendered":"<p>Produkcja \u015brodk\u00f3w chemicznychSprawd\u017a nasze produkty Oferujemy bogat\u0105 gam\u0119 produkt\u00f3w do toalet, kt\u00f3re wyka\u017c\u0105 si\u0119 profesjonalizmem w akcji.Elastycznie reagujemy na potrzeby swoich klient\u00f3w i oferuje atrakcyjn\u0105 gam\u0119 produkt\u00f3w. Nasze us\u0142ugi W odpowiedzi na zmieniaj\u0105ce si\u0119 oczekiwania naszych obecnych jak i przysz\u0142ych klient\u00f3w, w ramach posiadanego parku maszynowego oraz do\u015bwiadczenia, oferujemy szeroka gam\u0119 us\u0142ug.Oferujemy profesjonalne produktu do [&hellip;]<\/p>\n","protected":false},"author":1,"featured_media":0,"parent":0,"menu_order":0,"comment_status":"closed","ping_status":"closed","template":"","meta":{"_et_pb_use_builder":"on","_et_pb_old_content":"<!-- wp:divi\/placeholder \/-->","_et_gb_content_width":""},"yoast_head":"<!-- This site is optimized with the Yoast SEO plugin v18.8 - https:\/\/yoast.com\/wordpress\/plugins\/seo\/ -->\n<title>Chemis - Produkcja \u015brodk\u00f3w chemicznych - chemis.com.pl<\/title>\n<meta name=\"robots\" content=\"index, follow, max-snippet:-1, max-image-preview:large, max-video-preview:-1\" \/>\n<link rel=\"canonical\" href=\"https:\/\/chemis.com.pl\/de\/\" \/>\n<meta property=\"og:locale\" content=\"de_DE\" \/>\n<meta property=\"og:type\" content=\"article\" \/>\n<meta property=\"og:title\" content=\"Chemis - Produkcja \u015brodk\u00f3w chemicznych - chemis.com.pl\" \/>\n<meta property=\"og:description\" content=\"Produkcja \u015brodk\u00f3w chemicznychSprawd\u017a nasze produkty Oferujemy bogat\u0105 gam\u0119 produkt\u00f3w do toalet, kt\u00f3re wyka\u017c\u0105 si\u0119 profesjonalizmem w akcji.Elastycznie reagujemy na potrzeby swoich klient\u00f3w i oferuje atrakcyjn\u0105 gam\u0119 produkt\u00f3w. Nasze us\u0142ugi W odpowiedzi na zmieniaj\u0105ce si\u0119 oczekiwania naszych obecnych jak i przysz\u0142ych klient\u00f3w, w ramach posiadanego parku maszynowego oraz do\u015bwiadczenia, oferujemy szeroka gam\u0119 us\u0142ug.Oferujemy profesjonalne produktu do [&hellip;]\" \/>\n<meta property=\"og:url\" content=\"https:\/\/chemis.com.pl\/de\/\" \/>\n<meta property=\"og:site_name\" content=\"Chemis\" \/>\n<meta property=\"article:modified_time\" content=\"2026-03-16T10:17:22+00:00\" \/>\n<meta name=\"twitter:card\" content=\"summary_large_image\" \/>\n<meta name=\"twitter:label1\" content=\"Gesch\u00e4tzte Lesezeit\" \/>\n\t<meta name=\"twitter:data1\" content=\"3\u00a0Minuten\" \/>\n<script type=\"application\/ld+json\" class=\"yoast-schema-graph\">{\"@context\":\"https:\/\/schema.org\",\"@graph\":[{\"@type\":\"WebSite\",\"@id\":\"https:\/\/chemis.com.pl\/#website\",\"url\":\"https:\/\/chemis.com.pl\/\",\"name\":\"Chemis\",\"description\":\"\",\"potentialAction\":[{\"@type\":\"SearchAction\",\"target\":{\"@type\":\"EntryPoint\",\"urlTemplate\":\"https:\/\/chemis.com.pl\/?s={search_term_string}\"},\"query-input\":\"required name=search_term_string\"}],\"inLanguage\":\"de\"},{\"@type\":\"WebPage\",\"@id\":\"https:\/\/chemis.com.pl\/#webpage\",\"url\":\"https:\/\/chemis.com.pl\/\",\"name\":\"Chemis - Produkcja \u015brodk\u00f3w chemicznych - chemis.com.pl\",\"isPartOf\":{\"@id\":\"https:\/\/chemis.com.pl\/#website\"},\"datePublished\":\"2020-10-27T14:06:57+00:00\",\"dateModified\":\"2026-03-16T10:17:22+00:00\",\"breadcrumb\":{\"@id\":\"https:\/\/chemis.com.pl\/#breadcrumb\"},\"inLanguage\":\"de\",\"potentialAction\":[{\"@type\":\"ReadAction\",\"target\":[\"https:\/\/chemis.com.pl\/\"]}]},{\"@type\":\"BreadcrumbList\",\"@id\":\"https:\/\/chemis.com.pl\/#breadcrumb\",\"itemListElement\":[{\"@type\":\"ListItem\",\"position\":1,\"name\":\"Home\",\"item\":\"https:\/\/chemis.com.pl\/\"},{\"@type\":\"ListItem\",\"position\":2,\"name\":\"Strona g\u0142\u00f3wna\"}]}]}<\/script>\n<!-- \/ Yoast SEO plugin. -->","yoast_head_json":{"title":"Chemis - Produkcja \u015brodk\u00f3w chemicznych - chemis.com.pl","robots":{"index":"index","follow":"follow","max-snippet":"max-snippet:-1","max-image-preview":"max-image-preview:large","max-video-preview":"max-video-preview:-1"},"canonical":"https:\/\/chemis.com.pl\/de\/","og_locale":"de_DE","og_type":"article","og_title":"Chemis - Produkcja \u015brodk\u00f3w chemicznych - chemis.com.pl","og_description":"Produkcja \u015brodk\u00f3w chemicznychSprawd\u017a nasze produkty Oferujemy bogat\u0105 gam\u0119 produkt\u00f3w do toalet, kt\u00f3re wyka\u017c\u0105 si\u0119 profesjonalizmem w akcji.Elastycznie reagujemy na potrzeby swoich klient\u00f3w i oferuje atrakcyjn\u0105 gam\u0119 produkt\u00f3w. Nasze us\u0142ugi W odpowiedzi na zmieniaj\u0105ce si\u0119 oczekiwania naszych obecnych jak i przysz\u0142ych klient\u00f3w, w ramach posiadanego parku maszynowego oraz do\u015bwiadczenia, oferujemy szeroka gam\u0119 us\u0142ug.Oferujemy profesjonalne produktu do [&hellip;]","og_url":"https:\/\/chemis.com.pl\/de\/","og_site_name":"Chemis","article_modified_time":"2026-03-16T10:17:22+00:00","twitter_card":"summary_large_image","twitter_misc":{"Gesch\u00e4tzte Lesezeit":"3\u00a0Minuten"},"schema":{"@context":"https:\/\/schema.org","@graph":[{"@type":"WebSite","@id":"https:\/\/chemis.com.pl\/#website","url":"https:\/\/chemis.com.pl\/","name":"Chemis","description":"","potentialAction":[{"@type":"SearchAction","target":{"@type":"EntryPoint","urlTemplate":"https:\/\/chemis.com.pl\/?s={search_term_string}"},"query-input":"required name=search_term_string"}],"inLanguage":"de"},{"@type":"WebPage","@id":"https:\/\/chemis.com.pl\/#webpage","url":"https:\/\/chemis.com.pl\/","name":"Chemis - Produkcja \u015brodk\u00f3w chemicznych - chemis.com.pl","isPartOf":{"@id":"https:\/\/chemis.com.pl\/#website"},"datePublished":"2020-10-27T14:06:57+00:00","dateModified":"2026-03-16T10:17:22+00:00","breadcrumb":{"@id":"https:\/\/chemis.com.pl\/#breadcrumb"},"inLanguage":"de","potentialAction":[{"@type":"ReadAction","target":["https:\/\/chemis.com.pl\/"]}]},{"@type":"BreadcrumbList","@id":"https:\/\/chemis.com.pl\/#breadcrumb","itemListElement":[{"@type":"ListItem","position":1,"name":"Home","item":"https:\/\/chemis.com.pl\/"},{"@type":"ListItem","position":2,"name":"Strona g\u0142\u00f3wna"}]}]}},"_links":{"self":[{"href":"https:\/\/chemis.com.pl\/de\/wp-json\/wp\/v2\/pages\/9"}],"collection":[{"href":"https:\/\/chemis.com.pl\/de\/wp-json\/wp\/v2\/pages"}],"about":[{"href":"https:\/\/chemis.com.pl\/de\/wp-json\/wp\/v2\/types\/page"}],"author":[{"embeddable":true,"href":"https:\/\/chemis.com.pl\/de\/wp-json\/wp\/v2\/users\/1"}],"replies":[{"embeddable":true,"href":"https:\/\/chemis.com.pl\/de\/wp-json\/wp\/v2\/comments?post=9"}],"version-history":[{"count":79,"href":"https:\/\/chemis.com.pl\/de\/wp-json\/wp\/v2\/pages\/9\/revisions"}],"predecessor-version":[{"id":1060,"href":"https:\/\/chemis.com.pl\/de\/wp-json\/wp\/v2\/pages\/9\/revisions\/1060"}],"wp:attachment":[{"href":"https:\/\/chemis.com.pl\/de\/wp-json\/wp\/v2\/media?parent=9"}],"curies":[{"name":"wp","href":"https:\/\/api.w.org\/{rel}","templated":true}]}}