{"id":338,"date":"2021-02-21T20:48:46","date_gmt":"2021-02-21T19:48:46","guid":{"rendered":"https:\/\/backup.144ontour.com\/o-firmie-copy\/"},"modified":"2021-05-21T17:44:36","modified_gmt":"2021-05-21T15:44:36","slug":"3d-kulki-miss-clo-kostka-wc","status":"publish","type":"page","link":"https:\/\/chemis.com.pl\/en\/produkty\/3d-kulki-miss-clo-kostka-wc\/","title":{"rendered":"3D balls Miss CLO toilet rim block"},"content":{"rendered":"<p>[et_pb_section fb_built=&#8221;1&#8243; _builder_version=&#8221;4.8.2&#8243; _module_preset=&#8221;default&#8221; background_enable_color=&#8221;off&#8221; background_image=&#8221;https:\/\/chemis.com.pl\/wp-content\/uploads\/2021\/02\/Header-bg.png&#8221; background_position=&#8221;bottom_center&#8221; custom_padding=&#8221;6%||6%||true|false&#8221; global_module=&#8221;258&#8243; saved_tabs=&#8221;all&#8221;][et_pb_row _builder_version=&#8221;4.8.2&#8243; _module_preset=&#8221;default&#8221;][et_pb_column type=&#8221;4_4&#8243; _builder_version=&#8221;4.8.2&#8243; _module_preset=&#8221;default&#8221;][et_pb_text _builder_version=&#8221;4.8.2&#8243; _dynamic_attributes=&#8221;content&#8221; _module_preset=&#8221;default&#8221; text_font=&#8221;|800|||||||&#8221; text_text_color=&#8221;#161633&#8243; text_font_size=&#8221;36px&#8221; header_2_font=&#8221;|800|||||||&#8221; header_2_text_align=&#8221;center&#8221; header_2_font_size=&#8221;30px&#8221; text_orientation=&#8221;center&#8221; text_font_size_tablet=&#8221;34px&#8221; text_font_size_phone=&#8221;28px&#8221; text_font_size_last_edited=&#8221;on|phone&#8221;]@ET-DC@eyJkeW5hbWljIjp0cnVlLCJjb250ZW50IjoicG9zdF90aXRsZSIsInNldHRpbmdzIjp7ImJlZm9yZSI6IiIsImFmdGVyIjoiIn19@[\/et_pb_text][\/et_pb_column][\/et_pb_row][\/et_pb_section][et_pb_section fb_built=&#8221;1&#8243; custom_padding_last_edited=&#8221;on|phone&#8221; _builder_version=&#8221;4.8.1&#8243; _module_preset=&#8221;default&#8221; custom_padding=&#8221;4%||4%||true|false&#8221; custom_padding_tablet=&#8221;6%||6%||true|false&#8221; custom_padding_phone=&#8221;8%||8%||true|false&#8221;][et_pb_row column_structure=&#8221;1_2,1_2&#8243; make_equal=&#8221;on&#8221; _builder_version=&#8221;4.9.1&#8243; _module_preset=&#8221;default&#8221;][et_pb_column type=&#8221;1_2&#8243; module_class=&#8221;ds-vertical-align&#8221; _builder_version=&#8221;4.8.1&#8243; _module_preset=&#8221;default&#8221;][et_pb_text _builder_version=&#8221;4.9.1&#8243; _module_preset=&#8221;default&#8221; text_font_size=&#8221;18px&#8221; header_2_font=&#8221;|800|||||||&#8221; header_2_text_align=&#8221;left&#8221; header_2_font_size=&#8221;30px&#8221; text_orientation=&#8221;center&#8221;]<\/p>\n<h2>Specyfikacja<\/h2>\n<p>[\/et_pb_text][et_pb_text _builder_version=&#8221;4.9.2&#8243; _module_preset=&#8221;default&#8221; text_font_size=&#8221;18px&#8221; header_3_font=&#8221;|800|||||||&#8221; header_3_font_size=&#8221;20px&#8221; header_3_line_height=&#8221;1.2em&#8221;]<\/p>\n<ul>\n<li>waga 40g. lub 80g.<\/li>\n<li>dost\u0119pne wersje zapachowe:<br \/>le\u015bna<br \/>morska<br \/>kwiatowa<br \/>cytrynowa<\/li>\n<li>pakowanie: etykieta + blister, mo\u017cliwo\u015b\u0107 zakupu bez opakowania<\/li>\n<li>specjalnie dobrane sk\u0142adniki kostki myj\u0105 muszl\u0119 klozetow\u0105 oraz zapobiegaj\u0105 odk\u0142adaniu si\u0119 osad\u00f3w; przy ka\u017cdorazowym sp\u0142ukaniu tworz\u0105 obfit\u0105 pian\u0119 i wydzielaj\u0105 od\u015bwie\u017caj\u0105cy zapach<\/li>\n<li><span>s<\/span><span>pos\u00f3b u\u017cycia: zawiesi\u0107 w muszli klozetowej tak aby woda mog\u0142a swobodnie sp\u0142ywa\u0107 po koszyku<\/span><\/li>\n<\/ul>\n<p>[\/et_pb_text][et_pb_text _builder_version=&#8221;4.9.1&#8243; _module_preset=&#8221;default&#8221; text_font_size=&#8221;18px&#8221; header_2_font=&#8221;|800|||||||&#8221; header_2_text_align=&#8221;left&#8221; header_2_font_size=&#8221;30px&#8221; text_orientation=&#8221;center&#8221;]<\/p>\n<h2>Dane logistyczne<\/h2>\n<p>[\/et_pb_text][et_pb_text _builder_version=&#8221;4.9.2&#8243; _module_preset=&#8221;default&#8221; custom_margin=&#8221;||2px||false|false&#8221;]<\/p>\n<p>Wybierz \u21b4<\/p>\n<p>[\/et_pb_text][et_pb_tabs active_tab_background_color=&#8221;#161633&#8243; active_tab_text_color=&#8221;#FFFFFF&#8221; _builder_version=&#8221;4.9.2&#8243; _module_preset=&#8221;default&#8221; tab_font=&#8221;|700|||||||&#8221; width=&#8221;80%&#8221; width_tablet=&#8221;100%&#8221; width_phone=&#8221;&#8221; width_last_edited=&#8221;on|phone&#8221;][et_pb_tab title=&#8221;40g.&#8221; _builder_version=&#8221;4.9.1&#8243; _module_preset=&#8221;default&#8221;]<\/p>\n<p>20 sztuk w kartonie zbiorczym<\/p>\n<p>90 karton\u00f3w zbiorczych na palecie<br \/>90 x 20 = 1.800 sztuk na palecie<br \/>10 warstw na palecie (10 x 9 karton\u00f3w = 90 karton\u00f3w)<\/p>\n<p>Waga brutto palety \u2013 169 kg.<br \/>Waga netto palety \u2013 153 kg.<br \/>Waga kartonu zbiorczego \u2013 1,70 kg.<\/p>\n<p>Paleta 800mm x 1200mm<\/p>\n<p>[\/et_pb_tab][et_pb_tab title=&#8221;2 x 40g. = 80g.&#8221; _builder_version=&#8221;4.9.1&#8243; _module_preset=&#8221;default&#8221;]<\/p>\n<p>16 sztuk w kartonie zbiorczym<\/p>\n<p>72 karton\u00f3w zbiorczych na palecie<br \/>72 x 16 = 1.152 sztuki na palecie<br \/>8 warstw na palecie (8 x 9 karton\u00f3w = 72 kartony)<\/p>\n<p>Waga brutto palety \u2013 188,80 kg.<br \/>Waga netto palety \u2013 172,80 kg.<br \/>Waga kartonu zbiorczego \u2013 2,40 kg.<\/p>\n<p>Paleta 800mm x 1200mm<\/p>\n<p>[\/et_pb_tab][\/et_pb_tabs][\/et_pb_column][et_pb_column type=&#8221;1_2&#8243; module_class=&#8221;ds-vertical-align&#8221; _builder_version=&#8221;4.8.1&#8243; _module_preset=&#8221;default&#8221;][dsm_image_carousel gallery_ids=&#8221;362,363,364,365,366,367,368,369&#8243; centered_slides=&#8221;on&#8221; slide_to_show=&#8221;1&#8243; speed=&#8221;500&#8243; pause_on_hover=&#8221;on&#8221; arrow_position=&#8221;inside&#8221; dots=&#8221;off&#8221; show_lightbox=&#8221;on&#8221; show_lightbox_gallery=&#8221;on&#8221; arrow_color=&#8221;#EFFDFF&#8221; arrow_background_color=&#8221;#161633&#8243; _builder_version=&#8221;4.9.1&#8243; _module_preset=&#8221;default&#8221;][\/dsm_image_carousel][et_pb_button button_url=&#8221;mailto:firma@chemis.com.pl?subject=Zapytaj%20o%20produkt%20- 3D kulki Miss CLO \u2013 kostka wc&#8221; button_text=&#8221;Zapytaj o produkt&#8221; button_alignment=&#8221;center&#8221; _builder_version=&#8221;4.9.4&#8243; _module_preset=&#8221;default&#8221; custom_button=&#8221;on&#8221; button_text_size=&#8221;16px&#8221; button_text_color=&#8221;#FFFFFF&#8221; button_bg_color=&#8221;#161633&#8243; button_border_width=&#8221;9px&#8221; button_border_color=&#8221;#161633&#8243; button_border_radius=&#8221;50px&#8221; button_icon=&#8221;%%153%%&#8221; hover_enabled=&#8221;0&#8243; sticky_enabled=&#8221;0&#8243;][\/et_pb_button][\/et_pb_column][\/et_pb_row][et_pb_row _builder_version=&#8221;4.9.1&#8243; _module_preset=&#8221;default&#8221; width=&#8221;100%&#8221; max_width=&#8221;100%&#8221; custom_margin=&#8221;0px||0px||true|false&#8221; custom_padding=&#8221;0px||0px||true|false&#8221;][et_pb_column type=&#8221;4_4&#8243; _builder_version=&#8221;4.8.1&#8243; _module_preset=&#8221;default&#8221;][et_pb_image src=&#8221;https:\/\/chemis.com.pl\/wp-content\/uploads\/2021\/02\/Home-3-bg.png&#8221; title_text=&#8221;Home-3-bg&#8221; show_bottom_space=&#8221;off&#8221; _builder_version=&#8221;4.8.2&#8243; _module_preset=&#8221;default&#8221; width=&#8221;10%&#8221; width_tablet=&#8221;20%&#8221; width_phone=&#8221;30%&#8221; width_last_edited=&#8221;on|phone&#8221; custom_margin=&#8221;0px||0px||true|false&#8221; custom_padding=&#8221;0px||0px||true|false&#8221; custom_css_main_element=&#8221;margin-bottom: -100px !important;||margin-top: -100px !important;&#8221;][\/et_pb_image][\/et_pb_column][\/et_pb_row][\/et_pb_section][et_pb_section fb_built=&#8221;1&#8243; custom_padding_last_edited=&#8221;on|desktop&#8221; _builder_version=&#8221;4.9.1&#8243; _module_preset=&#8221;default&#8221; background_color=&#8221;#EFFDFF&#8221; custom_margin=&#8221;||||false|false&#8221; custom_padding=&#8221;4%||0%||false|false&#8221; custom_padding_tablet=&#8221;6%||6%||true|false&#8221; custom_padding_phone=&#8221;8%||8%||true|false&#8221;][et_pb_row _builder_version=&#8221;4.9.1&#8243; _module_preset=&#8221;default&#8221; z_index=&#8221;9999&#8243;][et_pb_column type=&#8221;4_4&#8243; module_class=&#8221;ds-vertical-align&#8221; _builder_version=&#8221;4.8.1&#8243; _module_preset=&#8221;default&#8221;][et_pb_text _builder_version=&#8221;4.9.1&#8243; _module_preset=&#8221;default&#8221; text_font_size=&#8221;18px&#8221; header_2_font=&#8221;|800|||||||&#8221; header_2_text_align=&#8221;center&#8221; header_2_font_size=&#8221;30px&#8221; text_orientation=&#8221;center&#8221;]<\/p>\n<h2>Galeria zdj\u0119\u0107<\/h2>\n<p>[\/et_pb_text][dsm_masonry_gallery gallery_ids=&#8221;378,379,380,382,383&#8243; columns=&#8221;5&#8243; use_lightbox=&#8221;on&#8221; lightbox_title=&#8221;off&#8221; lightbox_caption=&#8221;off&#8221; use_zoom_on_hover=&#8221;on&#8221; columns_tablet=&#8221;&#8221; columns_phone=&#8221;3&#8243; columns_last_edited=&#8221;on|phone&#8221; _builder_version=&#8221;4.9.4&#8243; _module_preset=&#8221;default&#8221; z_index=&#8221;9999&#8243;][\/dsm_masonry_gallery][\/et_pb_column][\/et_pb_row][et_pb_row _builder_version=&#8221;4.9.1&#8243; _module_preset=&#8221;default&#8221; width=&#8221;100%&#8221; max_width=&#8221;100%&#8221; custom_margin=&#8221;0px||0px||true|false&#8221; custom_padding=&#8221;0px||0px||true|false&#8221;][et_pb_column type=&#8221;4_4&#8243; _builder_version=&#8221;4.9.1&#8243; _module_preset=&#8221;default&#8221;][et_pb_image src=&#8221;https:\/\/chemis.com.pl\/wp-content\/uploads\/2021\/02\/Home-2-bg.png&#8221; title_text=&#8221;Home-2-bg&#8221; show_bottom_space=&#8221;off&#8221; align=&#8221;right&#8221; _builder_version=&#8221;4.9.1&#8243; _module_preset=&#8221;default&#8221; width_tablet=&#8221;20%&#8221; width_phone=&#8221;30%&#8221; width_last_edited=&#8221;on|tablet&#8221; custom_margin=&#8221;0px||0px||true|false&#8221; custom_padding=&#8221;0px||0px||true|false&#8221; custom_css_main_element=&#8221;margin-bottom: -100px !important;||margin-top: -150px !important;&#8221; custom_css_main_element_last_edited=&#8221;on|phone&#8221; custom_css_main_element_tablet=&#8221;margin-bottom: -100px !important;||margin-top: -100px !important;&#8221; custom_css_main_element_phone=&#8221;margin-bottom: -100px !important;||margin-top: -100px !important;&#8221;][\/et_pb_image][\/et_pb_column][\/et_pb_row][\/et_pb_section][et_pb_section fb_built=&#8221;1&#8243; _builder_version=&#8221;4.8.2&#8243; _module_preset=&#8221;default&#8221; custom_padding=&#8221;8%||4%||false|false&#8221;][et_pb_row _builder_version=&#8221;4.8.2&#8243; _module_preset=&#8221;default&#8221; custom_padding=&#8221;||1%||false|false&#8221;][et_pb_column type=&#8221;4_4&#8243; _builder_version=&#8221;4.8.1&#8243; _module_preset=&#8221;default&#8221;][et_pb_text _builder_version=&#8221;4.9.1&#8243; _module_preset=&#8221;default&#8221; text_font_size=&#8221;18px&#8221; header_2_font=&#8221;|800|||||||&#8221; header_2_text_align=&#8221;center&#8221; header_2_font_size=&#8221;30px&#8221; text_orientation=&#8221;center&#8221;]<\/p>\n<h2>Sprawd\u017a pozosta\u0142e produkty<\/h2>\n<p>[\/et_pb_text][\/et_pb_column][\/et_pb_row][et_pb_row _builder_version=&#8221;4.8.2&#8243; _module_preset=&#8221;default&#8221; global_module=&#8221;456&#8243; saved_tabs=&#8221;all&#8221;][et_pb_column type=&#8221;4_4&#8243; _builder_version=&#8221;4.8.2&#8243; _module_preset=&#8221;default&#8221;][dsm_card_carousel slide_to_show=&#8221;4&#8243; autoplay_speed=&#8221;4000&#8243; auto_height=&#8221;off&#8221; arrow_position_mobile=&#8221;outside&#8221; arrow_color=&#8221;#FF0001&#8243; dots_horizontal_placement=&#8221;-40px&#8221; dots_active_color=&#8221;#FF0001&#8243; dots_inactive_color=&#8221;rgba(22,22,51,0.41)&#8221; image_alignment=&#8221;center&#8221; _builder_version=&#8221;4.9.2&#8243; _module_preset=&#8221;default&#8221; header_font=&#8221;|700|||||||&#8221; header_text_align=&#8221;center&#8221; header_text_color=&#8221;#FFFFFF&#8221;][dsm_card_carousel_child title=&#8221;3D kulki Miss CLO &#8211; kostka wc&#8221; image=&#8221;https:\/\/chemis.com.pl\/wp-content\/uploads\/2021\/03\/3D-kulki-Miss-CLO-\u2013-kostka-wc-bg.png&#8221; image_as_background=&#8221;off&#8221; image_alignment=&#8221;center&#8221; badge_url=&#8221;@ET-DC@eyJkeW5hbWljIjp0cnVlLCJjb250ZW50IjoicG9zdF9saW5rX3VybF9wYWdlIiwic2V0dGluZ3MiOnsicG9zdF9pZCI6IjMzOCJ9fQ==@&#8221; button_url_new_window=&#8221;1&#8243; _builder_version=&#8221;4.9.1&#8243; _dynamic_attributes=&#8221;badge_url,link_option_url&#8221; _module_preset=&#8221;default&#8221; link_option_url=&#8221;@ET-DC@eyJkeW5hbWljIjp0cnVlLCJjb250ZW50IjoicG9zdF9saW5rX3VybF9wYWdlIiwic2V0dGluZ3MiOnsicG9zdF9pZCI6IjMzOCJ9fQ==@&#8221;][\/dsm_card_carousel_child][dsm_card_carousel_child title=&#8221;3D kulki barwi\u0105ce &#8211; kostka wc&#8221; image=&#8221;https:\/\/chemis.com.pl\/wp-content\/uploads\/2021\/03\/3D-kulki-barwiace-\u2013-kostka-do-wc-bg.png&#8221; image_as_background=&#8221;off&#8221; image_alignment=&#8221;center&#8221; badge_url=&#8221;@ET-DC@eyJkeW5hbWljIjp0cnVlLCJjb250ZW50IjoicG9zdF9saW5rX3VybF9wYWdlIiwic2V0dGluZ3MiOnsicG9zdF9pZCI6IjQzOSJ9fQ==@&#8221; button_url_new_window=&#8221;1&#8243; _builder_version=&#8221;4.9.2&#8243; _dynamic_attributes=&#8221;badge_url,link_option_url&#8221; _module_preset=&#8221;default&#8221; link_option_url=&#8221;@ET-DC@eyJkeW5hbWljIjp0cnVlLCJjb250ZW50IjoicG9zdF9saW5rX3VybF9wYWdlIiwic2V0dGluZ3MiOnsicG9zdF9pZCI6IjQzOSJ9fQ==@&#8221;][\/dsm_card_carousel_child][dsm_card_carousel_child title=&#8221;Kostka wc barwi\u0105ca&#8221; image=&#8221;https:\/\/chemis.com.pl\/wp-content\/uploads\/2021\/02\/Kostka-wc-barwiaca-1.png&#8221; image_as_background=&#8221;off&#8221; image_alignment=&#8221;center&#8221; badge_url=&#8221;@ET-DC@eyJkeW5hbWljIjp0cnVlLCJjb250ZW50IjoicG9zdF9saW5rX3VybF9wYWdlIiwic2V0dGluZ3MiOnsicG9zdF9pZCI6IjQ3MiJ9fQ==@&#8221; button_url_new_window=&#8221;1&#8243; _builder_version=&#8221;4.9.2&#8243; _dynamic_attributes=&#8221;badge_url,link_option_url&#8221; _module_preset=&#8221;default&#8221; link_option_url=&#8221;@ET-DC@eyJkeW5hbWljIjp0cnVlLCJjb250ZW50IjoicG9zdF9saW5rX3VybF9wYWdlIiwic2V0dGluZ3MiOnsicG9zdF9pZCI6IjQ3MiJ9fQ==@&#8221;][\/dsm_card_carousel_child][dsm_card_carousel_child title=&#8221;Kostka wc Miss CLO&#8221; image=&#8221;https:\/\/chemis.com.pl\/wp-content\/uploads\/2021\/03\/Kostka-wc-Miss-CLO-bg.png&#8221; image_as_background=&#8221;off&#8221; image_alignment=&#8221;center&#8221; badge_url=&#8221;@ET-DC@eyJkeW5hbWljIjp0cnVlLCJjb250ZW50IjoicG9zdF9saW5rX3VybF9wYWdlIiwic2V0dGluZ3MiOnsicG9zdF9pZCI6IjQ5NCJ9fQ==@&#8221; button_url_new_window=&#8221;1&#8243; _builder_version=&#8221;4.9.2&#8243; _dynamic_attributes=&#8221;badge_url,link_option_url&#8221; _module_preset=&#8221;default&#8221; link_option_url=&#8221;@ET-DC@eyJkeW5hbWljIjp0cnVlLCJjb250ZW50IjoicG9zdF9saW5rX3VybF9wYWdlIiwic2V0dGluZ3MiOnsicG9zdF9pZCI6IjQ5NCJ9fQ==@&#8221;][\/dsm_card_carousel_child][dsm_card_carousel_child title=&#8221;Zapas do kostki Miss CLO&#8221; image=&#8221;https:\/\/chemis.com.pl\/wp-content\/uploads\/2021\/02\/Zapas-do-kostki-wc-Miss-CLO-1.png&#8221; image_as_background=&#8221;off&#8221; image_alignment=&#8221;center&#8221; badge_url=&#8221;@ET-DC@eyJkeW5hbWljIjp0cnVlLCJjb250ZW50IjoicG9zdF9saW5rX3VybF9wYWdlIiwic2V0dGluZ3MiOnsicG9zdF9pZCI6IjUxMSJ9fQ==@&#8221; button_url_new_window=&#8221;1&#8243; _builder_version=&#8221;4.9.2&#8243; _dynamic_attributes=&#8221;badge_url,link_option_url&#8221; _module_preset=&#8221;default&#8221; custom_padding=&#8221;||||false|false&#8221; link_option_url=&#8221;@ET-DC@eyJkeW5hbWljIjp0cnVlLCJjb250ZW50IjoicG9zdF9saW5rX3VybF9wYWdlIiwic2V0dGluZ3MiOnsicG9zdF9pZCI6IjUxMSJ9fQ==@&#8221;][\/dsm_card_carousel_child][dsm_card_carousel_child title=&#8221;Compact wc Miss CLO \u2013 w folii rozpuszczalnej w wodzie&#8221; image=&#8221;https:\/\/chemis.com.pl\/wp-content\/uploads\/2021\/03\/Compact-wc-Miss-CLO-\u2013-w-folii-rozpuszczalnej-w-wodzie-bg.png&#8221; image_as_background=&#8221;off&#8221; image_alignment=&#8221;center&#8221; badge_url=&#8221;@ET-DC@eyJkeW5hbWljIjp0cnVlLCJjb250ZW50IjoicG9zdF9saW5rX3VybF9wYWdlIiwic2V0dGluZ3MiOnsicG9zdF9pZCI6IjUyNSJ9fQ==@&#8221; button_url_new_window=&#8221;1&#8243; _builder_version=&#8221;4.9.2&#8243; _dynamic_attributes=&#8221;badge_url,link_option_url&#8221; _module_preset=&#8221;default&#8221; link_option_url=&#8221;@ET-DC@eyJkeW5hbWljIjp0cnVlLCJjb250ZW50IjoicG9zdF9saW5rX3VybF9wYWdlIiwic2V0dGluZ3MiOnsicG9zdF9pZCI6IjUyNSJ9fQ==@&#8221;][\/dsm_card_carousel_child][\/dsm_card_carousel][\/et_pb_column][\/et_pb_row][\/et_pb_section]<\/p>\n","protected":false},"excerpt":{"rendered":"<p>Specyfikacja waga 40g. lub 80g. dost\u0119pne wersje zapachowe:le\u015bnamorskakwiatowacytrynowa pakowanie: etykieta + blister, mo\u017cliwo\u015b\u0107 zakupu bez opakowania specjalnie dobrane sk\u0142adniki kostki myj\u0105 muszl\u0119 klozetow\u0105 oraz zapobiegaj\u0105 odk\u0142adaniu si\u0119 osad\u00f3w; przy ka\u017cdorazowym sp\u0142ukaniu tworz\u0105 obfit\u0105 pian\u0119 i wydzielaj\u0105 od\u015bwie\u017caj\u0105cy zapach spos\u00f3b u\u017cycia: zawiesi\u0107 w muszli klozetowej tak aby woda mog\u0142a swobodnie sp\u0142ywa\u0107 po koszyku Dane logistyczneWybierz \u21b420 [&hellip;]<\/p>\n","protected":false},"author":1,"featured_media":0,"parent":276,"menu_order":0,"comment_status":"closed","ping_status":"closed","template":"","meta":{"_et_pb_use_builder":"on","_et_pb_old_content":"<!-- wp:divi\/placeholder \/-->","_et_gb_content_width":""},"yoast_head":"<!-- This site is optimized with the Yoast SEO plugin v18.8 - https:\/\/yoast.com\/wordpress\/plugins\/seo\/ -->\n<title>3D kulki Miss CLO - kostka wc - Chemis - chemis.com.pl<\/title>\n<meta name=\"robots\" content=\"index, follow, max-snippet:-1, max-image-preview:large, max-video-preview:-1\" \/>\n<link rel=\"canonical\" href=\"https:\/\/chemis.com.pl\/en\/produkty\/3d-kulki-miss-clo-kostka-wc\/\" \/>\n<meta property=\"og:locale\" content=\"en_US\" \/>\n<meta property=\"og:type\" content=\"article\" \/>\n<meta property=\"og:title\" content=\"3D kulki Miss CLO - kostka wc - Chemis - chemis.com.pl\" \/>\n<meta property=\"og:description\" content=\"Specyfikacja waga 40g. lub 80g. dost\u0119pne wersje zapachowe:le\u015bnamorskakwiatowacytrynowa pakowanie: etykieta + blister, mo\u017cliwo\u015b\u0107 zakupu bez opakowania specjalnie dobrane sk\u0142adniki kostki myj\u0105 muszl\u0119 klozetow\u0105 oraz zapobiegaj\u0105 odk\u0142adaniu si\u0119 osad\u00f3w; przy ka\u017cdorazowym sp\u0142ukaniu tworz\u0105 obfit\u0105 pian\u0119 i wydzielaj\u0105 od\u015bwie\u017caj\u0105cy zapach spos\u00f3b u\u017cycia: zawiesi\u0107 w muszli klozetowej tak aby woda mog\u0142a swobodnie sp\u0142ywa\u0107 po koszyku Dane logistyczneWybierz \u21b420 [&hellip;]\" \/>\n<meta property=\"og:url\" content=\"https:\/\/chemis.com.pl\/en\/produkty\/3d-kulki-miss-clo-kostka-wc\/\" \/>\n<meta property=\"og:site_name\" content=\"Chemis\" \/>\n<meta property=\"article:modified_time\" content=\"2021-05-21T15:44:36+00:00\" \/>\n<meta name=\"twitter:card\" content=\"summary_large_image\" \/>\n<meta name=\"twitter:label1\" content=\"Est. reading time\" \/>\n\t<meta name=\"twitter:data1\" content=\"2 minutes\" \/>\n<script type=\"application\/ld+json\" class=\"yoast-schema-graph\">{\"@context\":\"https:\/\/schema.org\",\"@graph\":[{\"@type\":\"WebSite\",\"@id\":\"https:\/\/chemis.com.pl\/#website\",\"url\":\"https:\/\/chemis.com.pl\/\",\"name\":\"Chemis\",\"description\":\"\",\"potentialAction\":[{\"@type\":\"SearchAction\",\"target\":{\"@type\":\"EntryPoint\",\"urlTemplate\":\"https:\/\/chemis.com.pl\/?s={search_term_string}\"},\"query-input\":\"required name=search_term_string\"}],\"inLanguage\":\"en-US\"},{\"@type\":\"WebPage\",\"@id\":\"https:\/\/chemis.com.pl\/produkty\/3d-kulki-miss-clo-kostka-wc\/#webpage\",\"url\":\"https:\/\/chemis.com.pl\/produkty\/3d-kulki-miss-clo-kostka-wc\/\",\"name\":\"3D kulki Miss CLO - kostka wc - Chemis - chemis.com.pl\",\"isPartOf\":{\"@id\":\"https:\/\/chemis.com.pl\/#website\"},\"datePublished\":\"2021-02-21T19:48:46+00:00\",\"dateModified\":\"2021-05-21T15:44:36+00:00\",\"breadcrumb\":{\"@id\":\"https:\/\/chemis.com.pl\/produkty\/3d-kulki-miss-clo-kostka-wc\/#breadcrumb\"},\"inLanguage\":\"en-US\",\"potentialAction\":[{\"@type\":\"ReadAction\",\"target\":[\"https:\/\/chemis.com.pl\/produkty\/3d-kulki-miss-clo-kostka-wc\/\"]}]},{\"@type\":\"BreadcrumbList\",\"@id\":\"https:\/\/chemis.com.pl\/produkty\/3d-kulki-miss-clo-kostka-wc\/#breadcrumb\",\"itemListElement\":[{\"@type\":\"ListItem\",\"position\":1,\"name\":\"Home\",\"item\":\"https:\/\/chemis.com.pl\/\"},{\"@type\":\"ListItem\",\"position\":2,\"name\":\"Produkty\",\"item\":\"https:\/\/chemis.com.pl\/produkty\/\"},{\"@type\":\"ListItem\",\"position\":3,\"name\":\"3D kulki Miss CLO &#8211; kostka wc\"}]}]}<\/script>\n<!-- \/ Yoast SEO plugin. -->","yoast_head_json":{"title":"3D kulki Miss CLO - kostka wc - Chemis - chemis.com.pl","robots":{"index":"index","follow":"follow","max-snippet":"max-snippet:-1","max-image-preview":"max-image-preview:large","max-video-preview":"max-video-preview:-1"},"canonical":"https:\/\/chemis.com.pl\/en\/produkty\/3d-kulki-miss-clo-kostka-wc\/","og_locale":"en_US","og_type":"article","og_title":"3D kulki Miss CLO - kostka wc - Chemis - chemis.com.pl","og_description":"Specyfikacja waga 40g. lub 80g. dost\u0119pne wersje zapachowe:le\u015bnamorskakwiatowacytrynowa pakowanie: etykieta + blister, mo\u017cliwo\u015b\u0107 zakupu bez opakowania specjalnie dobrane sk\u0142adniki kostki myj\u0105 muszl\u0119 klozetow\u0105 oraz zapobiegaj\u0105 odk\u0142adaniu si\u0119 osad\u00f3w; przy ka\u017cdorazowym sp\u0142ukaniu tworz\u0105 obfit\u0105 pian\u0119 i wydzielaj\u0105 od\u015bwie\u017caj\u0105cy zapach spos\u00f3b u\u017cycia: zawiesi\u0107 w muszli klozetowej tak aby woda mog\u0142a swobodnie sp\u0142ywa\u0107 po koszyku Dane logistyczneWybierz \u21b420 [&hellip;]","og_url":"https:\/\/chemis.com.pl\/en\/produkty\/3d-kulki-miss-clo-kostka-wc\/","og_site_name":"Chemis","article_modified_time":"2021-05-21T15:44:36+00:00","twitter_card":"summary_large_image","twitter_misc":{"Est. reading time":"2 minutes"},"schema":{"@context":"https:\/\/schema.org","@graph":[{"@type":"WebSite","@id":"https:\/\/chemis.com.pl\/#website","url":"https:\/\/chemis.com.pl\/","name":"Chemis","description":"","potentialAction":[{"@type":"SearchAction","target":{"@type":"EntryPoint","urlTemplate":"https:\/\/chemis.com.pl\/?s={search_term_string}"},"query-input":"required name=search_term_string"}],"inLanguage":"en-US"},{"@type":"WebPage","@id":"https:\/\/chemis.com.pl\/produkty\/3d-kulki-miss-clo-kostka-wc\/#webpage","url":"https:\/\/chemis.com.pl\/produkty\/3d-kulki-miss-clo-kostka-wc\/","name":"3D kulki Miss CLO - kostka wc - Chemis - chemis.com.pl","isPartOf":{"@id":"https:\/\/chemis.com.pl\/#website"},"datePublished":"2021-02-21T19:48:46+00:00","dateModified":"2021-05-21T15:44:36+00:00","breadcrumb":{"@id":"https:\/\/chemis.com.pl\/produkty\/3d-kulki-miss-clo-kostka-wc\/#breadcrumb"},"inLanguage":"en-US","potentialAction":[{"@type":"ReadAction","target":["https:\/\/chemis.com.pl\/produkty\/3d-kulki-miss-clo-kostka-wc\/"]}]},{"@type":"BreadcrumbList","@id":"https:\/\/chemis.com.pl\/produkty\/3d-kulki-miss-clo-kostka-wc\/#breadcrumb","itemListElement":[{"@type":"ListItem","position":1,"name":"Home","item":"https:\/\/chemis.com.pl\/"},{"@type":"ListItem","position":2,"name":"Produkty","item":"https:\/\/chemis.com.pl\/produkty\/"},{"@type":"ListItem","position":3,"name":"3D kulki Miss CLO &#8211; kostka wc"}]}]}},"_links":{"self":[{"href":"https:\/\/chemis.com.pl\/en\/wp-json\/wp\/v2\/pages\/338"}],"collection":[{"href":"https:\/\/chemis.com.pl\/en\/wp-json\/wp\/v2\/pages"}],"about":[{"href":"https:\/\/chemis.com.pl\/en\/wp-json\/wp\/v2\/types\/page"}],"author":[{"embeddable":true,"href":"https:\/\/chemis.com.pl\/en\/wp-json\/wp\/v2\/users\/1"}],"replies":[{"embeddable":true,"href":"https:\/\/chemis.com.pl\/en\/wp-json\/wp\/v2\/comments?post=338"}],"version-history":[{"count":41,"href":"https:\/\/chemis.com.pl\/en\/wp-json\/wp\/v2\/pages\/338\/revisions"}],"predecessor-version":[{"id":775,"href":"https:\/\/chemis.com.pl\/en\/wp-json\/wp\/v2\/pages\/338\/revisions\/775"}],"up":[{"embeddable":true,"href":"https:\/\/chemis.com.pl\/en\/wp-json\/wp\/v2\/pages\/276"}],"wp:attachment":[{"href":"https:\/\/chemis.com.pl\/en\/wp-json\/wp\/v2\/media?parent=338"}],"curies":[{"name":"wp","href":"https:\/\/api.w.org\/{rel}","templated":true}]}}