{"id":651,"date":"2021-05-11T12:23:11","date_gmt":"2021-05-11T10:23:11","guid":{"rendered":"https:\/\/backup.144ontour.com\/do-pobrania-copy\/"},"modified":"2026-03-15T15:28:48","modified_gmt":"2026-03-15T14:28:48","slug":"polityka-prywatnosci","status":"publish","type":"page","link":"https:\/\/chemis.com.pl\/en\/polityka-prywatnosci\/","title":{"rendered":"Privacy Policy"},"content":{"rendered":"<p>[et_pb_section fb_built=&#8221;1&#8243; _builder_version=&#8221;4.8.2&#8243; _module_preset=&#8221;default&#8221; background_enable_color=&#8221;off&#8221; background_image=&#8221;https:\/\/chemis.com.pl\/wp-content\/uploads\/2021\/02\/Header-bg.png&#8221; background_position=&#8221;bottom_center&#8221; custom_padding=&#8221;6%||6%||true|false&#8221; global_module=&#8221;258&#8243; saved_tabs=&#8221;all&#8221; global_colors_info=&#8221;{}&#8221;][et_pb_row _builder_version=&#8221;4.16&#8243; _module_preset=&#8221;default&#8221; global_colors_info=&#8221;{}&#8221;][et_pb_column type=&#8221;4_4&#8243; _builder_version=&#8221;4.16&#8243; _module_preset=&#8221;default&#8221; global_colors_info=&#8221;{}&#8221;][et_pb_text _builder_version=&#8221;4.16&#8243; _dynamic_attributes=&#8221;content&#8221; _module_preset=&#8221;default&#8221; text_font=&#8221;|800|||||||&#8221; text_text_color=&#8221;#161633&#8243; text_font_size=&#8221;36px&#8221; header_2_font=&#8221;|800|||||||&#8221; header_2_text_align=&#8221;center&#8221; header_2_font_size=&#8221;30px&#8221; text_orientation=&#8221;center&#8221; text_font_size_tablet=&#8221;34px&#8221; text_font_size_phone=&#8221;28px&#8221; text_font_size_last_edited=&#8221;on|phone&#8221; global_colors_info=&#8221;{}&#8221;]@ET-DC@eyJkeW5hbWljIjp0cnVlLCJjb250ZW50IjoicG9zdF90aXRsZSIsInNldHRpbmdzIjp7ImJlZm9yZSI6IiIsImFmdGVyIjoiIn19@[\/et_pb_text][\/et_pb_column][\/et_pb_row][\/et_pb_section][et_pb_section fb_built=&#8221;1&#8243; custom_padding_last_edited=&#8221;on|phone&#8221; _builder_version=&#8221;4.16&#8243; _module_preset=&#8221;default&#8221; custom_padding=&#8221;4%||4%||true|false&#8221; custom_padding_tablet=&#8221;6%||6%||true|false&#8221; custom_padding_phone=&#8221;8%||8%||true|false&#8221; global_colors_info=&#8221;{}&#8221;][et_pb_row module_id=&#8221;1&#8243; _builder_version=&#8221;4.16&#8243; _module_preset=&#8221;default&#8221; global_colors_info=&#8221;{}&#8221;][et_pb_column type=&#8221;4_4&#8243; module_class=&#8221;ds-vertical-align&#8221; _builder_version=&#8221;4.16&#8243; _module_preset=&#8221;default&#8221; global_colors_info=&#8221;{}&#8221;][et_pb_text _builder_version=&#8221;4.16&#8243; _module_preset=&#8221;default&#8221; text_font_size=&#8221;18px&#8221; header_2_font=&#8221;|800|||||||&#8221; header_2_text_align=&#8221;left&#8221; header_2_font_size=&#8221;30px&#8221; text_orientation=&#8221;center&#8221; global_colors_info=&#8221;{}&#8221;]<\/p>\n<h2>Polityka dotycz\u0105ca plik\u00f3w cookies<\/h2>\n<p>[\/et_pb_text][et_pb_text _builder_version=&#8221;4.17.4&#8243; _module_preset=&#8221;default&#8221; text_font_size=&#8221;18px&#8221; header_3_font=&#8221;|800|||||||&#8221; header_3_font_size=&#8221;20px&#8221; header_3_line_height=&#8221;1.2em&#8221; hover_enabled=&#8221;0&#8243; global_colors_info=&#8221;{}&#8221; sticky_enabled=&#8221;0&#8243;]Szanowni Pa\u0144stwo,<\/p>\n<p>w zwi\u0105zku z wej\u015bciem w \u017cycie nowego Prawa Telekomunikacyjnego, informujemy, i\u017c w celu optymalizacji tre\u015bci dost\u0119pnych w naszych serwisach, dostosowania ich do indywidualnych potrzeb ka\u017cdego u\u017cytkownika, jak r\u00f3wnie\u017c dla cel\u00f3w statystycznych korzystamy z informacji zapisanych za pomoc\u0105 plik\u00f3w cookies na urz\u0105dzeniach ko\u0144cowych u\u017cytkownik\u00f3w.<\/p>\n<p>Przegl\u0105darki internetowe w wielu przypadkach domy\u015blnie dopuszczaj\u0105 przechowywanie plik\u00f3w cookie. U\u017cytkownik mo\u017ce w ka\u017cdym momencie zmieni\u0107 te ustawienia. Szczeg\u00f3\u0142owe informacje o obs\u0142udze plik\u00f3w cookie dost\u0119pne s\u0105 w ustawieniach oraz dokumentacji przegl\u0105darki internetowej.<\/p>\n<p>Dalsze korzystanie ze strony  www.chemis.com.pl, bez zmiany ustawie\u0144 przegl\u0105darki internetowej oznacza, i\u017c akceptuj\u0105 Pa\u0144stwo polityk\u0119 stosowania plik\u00f3w cookies.[\/et_pb_text][\/et_pb_column][\/et_pb_row][\/et_pb_section]<\/p>\n","protected":false},"excerpt":{"rendered":"<p>Polityka dotycz\u0105ca plik\u00f3w cookiesSzanowni Pa\u0144stwo, w zwi\u0105zku z wej\u015bciem w \u017cycie nowego Prawa Telekomunikacyjnego, informujemy, i\u017c w celu optymalizacji tre\u015bci dost\u0119pnych w naszych serwisach, dostosowania ich do indywidualnych potrzeb ka\u017cdego u\u017cytkownika, jak r\u00f3wnie\u017c dla cel\u00f3w statystycznych korzystamy z informacji zapisanych za pomoc\u0105 plik\u00f3w cookies na urz\u0105dzeniach ko\u0144cowych u\u017cytkownik\u00f3w. Przegl\u0105darki internetowe w wielu przypadkach domy\u015blnie dopuszczaj\u0105 [&hellip;]<\/p>\n","protected":false},"author":1,"featured_media":0,"parent":0,"menu_order":0,"comment_status":"closed","ping_status":"closed","template":"","meta":{"_et_pb_use_builder":"on","_et_pb_old_content":"<!-- wp:divi\/placeholder \/-->","_et_gb_content_width":""},"yoast_head":"<!-- This site is optimized with the Yoast SEO plugin v18.8 - https:\/\/yoast.com\/wordpress\/plugins\/seo\/ -->\n<title>Polityka prywatno\u015bci - Chemis - chemis.com.pl<\/title>\n<meta name=\"robots\" content=\"noindex, follow\" \/>\n<meta property=\"og:locale\" content=\"en_US\" \/>\n<meta property=\"og:type\" content=\"article\" \/>\n<meta property=\"og:title\" content=\"Polityka prywatno\u015bci - Chemis - chemis.com.pl\" \/>\n<meta property=\"og:description\" content=\"Polityka dotycz\u0105ca plik\u00f3w cookiesSzanowni Pa\u0144stwo, w zwi\u0105zku z wej\u015bciem w \u017cycie nowego Prawa Telekomunikacyjnego, informujemy, i\u017c w celu optymalizacji tre\u015bci dost\u0119pnych w naszych serwisach, dostosowania ich do indywidualnych potrzeb ka\u017cdego u\u017cytkownika, jak r\u00f3wnie\u017c dla cel\u00f3w statystycznych korzystamy z informacji zapisanych za pomoc\u0105 plik\u00f3w cookies na urz\u0105dzeniach ko\u0144cowych u\u017cytkownik\u00f3w. Przegl\u0105darki internetowe w wielu przypadkach domy\u015blnie dopuszczaj\u0105 [&hellip;]\" \/>\n<meta property=\"og:url\" content=\"https:\/\/chemis.com.pl\/en\/polityka-prywatnosci\/\" \/>\n<meta property=\"og:site_name\" content=\"Chemis\" \/>\n<meta property=\"article:modified_time\" content=\"2026-03-15T14:28:48+00:00\" \/>\n<meta name=\"twitter:card\" content=\"summary_large_image\" \/>\n<meta name=\"twitter:label1\" content=\"Est. reading time\" \/>\n\t<meta name=\"twitter:data1\" content=\"2 minutes\" \/>\n<script type=\"application\/ld+json\" class=\"yoast-schema-graph\">{\"@context\":\"https:\/\/schema.org\",\"@graph\":[{\"@type\":\"WebSite\",\"@id\":\"https:\/\/chemis.com.pl\/#website\",\"url\":\"https:\/\/chemis.com.pl\/\",\"name\":\"Chemis\",\"description\":\"\",\"potentialAction\":[{\"@type\":\"SearchAction\",\"target\":{\"@type\":\"EntryPoint\",\"urlTemplate\":\"https:\/\/chemis.com.pl\/?s={search_term_string}\"},\"query-input\":\"required name=search_term_string\"}],\"inLanguage\":\"en-US\"},{\"@type\":\"WebPage\",\"@id\":\"https:\/\/chemis.com.pl\/polityka-prywatnosci\/#webpage\",\"url\":\"https:\/\/chemis.com.pl\/polityka-prywatnosci\/\",\"name\":\"Polityka prywatno\u015bci - Chemis - chemis.com.pl\",\"isPartOf\":{\"@id\":\"https:\/\/chemis.com.pl\/#website\"},\"datePublished\":\"2021-05-11T10:23:11+00:00\",\"dateModified\":\"2026-03-15T14:28:48+00:00\",\"breadcrumb\":{\"@id\":\"https:\/\/chemis.com.pl\/polityka-prywatnosci\/#breadcrumb\"},\"inLanguage\":\"en-US\",\"potentialAction\":[{\"@type\":\"ReadAction\",\"target\":[\"https:\/\/chemis.com.pl\/polityka-prywatnosci\/\"]}]},{\"@type\":\"BreadcrumbList\",\"@id\":\"https:\/\/chemis.com.pl\/polityka-prywatnosci\/#breadcrumb\",\"itemListElement\":[{\"@type\":\"ListItem\",\"position\":1,\"name\":\"Home\",\"item\":\"https:\/\/chemis.com.pl\/\"},{\"@type\":\"ListItem\",\"position\":2,\"name\":\"Polityka prywatno\u015bci\"}]}]}<\/script>\n<!-- \/ Yoast SEO plugin. -->","yoast_head_json":{"title":"Polityka prywatno\u015bci - Chemis - chemis.com.pl","robots":{"index":"noindex","follow":"follow"},"og_locale":"en_US","og_type":"article","og_title":"Polityka prywatno\u015bci - Chemis - chemis.com.pl","og_description":"Polityka dotycz\u0105ca plik\u00f3w cookiesSzanowni Pa\u0144stwo, w zwi\u0105zku z wej\u015bciem w \u017cycie nowego Prawa Telekomunikacyjnego, informujemy, i\u017c w celu optymalizacji tre\u015bci dost\u0119pnych w naszych serwisach, dostosowania ich do indywidualnych potrzeb ka\u017cdego u\u017cytkownika, jak r\u00f3wnie\u017c dla cel\u00f3w statystycznych korzystamy z informacji zapisanych za pomoc\u0105 plik\u00f3w cookies na urz\u0105dzeniach ko\u0144cowych u\u017cytkownik\u00f3w. Przegl\u0105darki internetowe w wielu przypadkach domy\u015blnie dopuszczaj\u0105 [&hellip;]","og_url":"https:\/\/chemis.com.pl\/en\/polityka-prywatnosci\/","og_site_name":"Chemis","article_modified_time":"2026-03-15T14:28:48+00:00","twitter_card":"summary_large_image","twitter_misc":{"Est. reading time":"2 minutes"},"schema":{"@context":"https:\/\/schema.org","@graph":[{"@type":"WebSite","@id":"https:\/\/chemis.com.pl\/#website","url":"https:\/\/chemis.com.pl\/","name":"Chemis","description":"","potentialAction":[{"@type":"SearchAction","target":{"@type":"EntryPoint","urlTemplate":"https:\/\/chemis.com.pl\/?s={search_term_string}"},"query-input":"required name=search_term_string"}],"inLanguage":"en-US"},{"@type":"WebPage","@id":"https:\/\/chemis.com.pl\/polityka-prywatnosci\/#webpage","url":"https:\/\/chemis.com.pl\/polityka-prywatnosci\/","name":"Polityka prywatno\u015bci - Chemis - chemis.com.pl","isPartOf":{"@id":"https:\/\/chemis.com.pl\/#website"},"datePublished":"2021-05-11T10:23:11+00:00","dateModified":"2026-03-15T14:28:48+00:00","breadcrumb":{"@id":"https:\/\/chemis.com.pl\/polityka-prywatnosci\/#breadcrumb"},"inLanguage":"en-US","potentialAction":[{"@type":"ReadAction","target":["https:\/\/chemis.com.pl\/polityka-prywatnosci\/"]}]},{"@type":"BreadcrumbList","@id":"https:\/\/chemis.com.pl\/polityka-prywatnosci\/#breadcrumb","itemListElement":[{"@type":"ListItem","position":1,"name":"Home","item":"https:\/\/chemis.com.pl\/"},{"@type":"ListItem","position":2,"name":"Polityka prywatno\u015bci"}]}]}},"_links":{"self":[{"href":"https:\/\/chemis.com.pl\/en\/wp-json\/wp\/v2\/pages\/651"}],"collection":[{"href":"https:\/\/chemis.com.pl\/en\/wp-json\/wp\/v2\/pages"}],"about":[{"href":"https:\/\/chemis.com.pl\/en\/wp-json\/wp\/v2\/types\/page"}],"author":[{"embeddable":true,"href":"https:\/\/chemis.com.pl\/en\/wp-json\/wp\/v2\/users\/1"}],"replies":[{"embeddable":true,"href":"https:\/\/chemis.com.pl\/en\/wp-json\/wp\/v2\/comments?post=651"}],"version-history":[{"count":5,"href":"https:\/\/chemis.com.pl\/en\/wp-json\/wp\/v2\/pages\/651\/revisions"}],"predecessor-version":[{"id":1045,"href":"https:\/\/chemis.com.pl\/en\/wp-json\/wp\/v2\/pages\/651\/revisions\/1045"}],"wp:attachment":[{"href":"https:\/\/chemis.com.pl\/en\/wp-json\/wp\/v2\/media?parent=651"}],"curies":[{"name":"wp","href":"https:\/\/api.w.org\/{rel}","templated":true}]}}