{"id":743,"date":"2021-05-14T15:17:40","date_gmt":"2021-05-14T13:17:40","guid":{"rendered":"https:\/\/backup.144ontour.com\/informacje-copy\/"},"modified":"2026-03-16T11:15:53","modified_gmt":"2026-03-16T10:15:53","slug":"rodo","status":"publish","type":"page","link":"https:\/\/chemis.com.pl\/en\/rodo\/","title":{"rendered":"GDPR"},"content":{"rendered":"<p>[et_pb_section fb_built=&#8221;1&#8243; _builder_version=&#8221;4.8.2&#8243; _module_preset=&#8221;default&#8221; background_enable_color=&#8221;off&#8221; background_image=&#8221;https:\/\/chemis.com.pl\/wp-content\/uploads\/2021\/02\/Header-bg.png&#8221; background_position=&#8221;bottom_center&#8221; custom_padding=&#8221;6%||6%||true|false&#8221; global_module=&#8221;258&#8243; saved_tabs=&#8221;all&#8221; global_colors_info=&#8221;{}&#8221;][et_pb_row _builder_version=&#8221;4.16&#8243; _module_preset=&#8221;default&#8221; global_colors_info=&#8221;{}&#8221;][et_pb_column type=&#8221;4_4&#8243; _builder_version=&#8221;4.16&#8243; _module_preset=&#8221;default&#8221; global_colors_info=&#8221;{}&#8221;][et_pb_text _builder_version=&#8221;4.16&#8243; _dynamic_attributes=&#8221;content&#8221; _module_preset=&#8221;default&#8221; text_font=&#8221;|800|||||||&#8221; text_text_color=&#8221;#161633&#8243; text_font_size=&#8221;36px&#8221; header_2_font=&#8221;|800|||||||&#8221; header_2_text_align=&#8221;center&#8221; header_2_font_size=&#8221;30px&#8221; text_orientation=&#8221;center&#8221; text_font_size_tablet=&#8221;34px&#8221; text_font_size_phone=&#8221;28px&#8221; text_font_size_last_edited=&#8221;on|phone&#8221; global_colors_info=&#8221;{}&#8221;]@ET-DC@eyJkeW5hbWljIjp0cnVlLCJjb250ZW50IjoicG9zdF90aXRsZSIsInNldHRpbmdzIjp7ImJlZm9yZSI6IiIsImFmdGVyIjoiIn19@[\/et_pb_text][\/et_pb_column][\/et_pb_row][\/et_pb_section][et_pb_section fb_built=&#8221;1&#8243; custom_padding_last_edited=&#8221;on|phone&#8221; _builder_version=&#8221;4.16&#8243; _module_preset=&#8221;default&#8221; custom_padding=&#8221;4%||4%||true|false&#8221; custom_padding_tablet=&#8221;6%||6%||true|false&#8221; custom_padding_phone=&#8221;8%||8%||true|false&#8221; global_colors_info=&#8221;{}&#8221;][et_pb_row module_id=&#8221;1&#8243; _builder_version=&#8221;4.16&#8243; _module_preset=&#8221;default&#8221; global_colors_info=&#8221;{}&#8221;][et_pb_column type=&#8221;4_4&#8243; module_class=&#8221;ds-vertical-align&#8221; _builder_version=&#8221;4.16&#8243; _module_preset=&#8221;default&#8221; global_colors_info=&#8221;{}&#8221;][et_pb_text _builder_version=&#8221;4.16&#8243; _module_preset=&#8221;default&#8221; text_font_size=&#8221;18px&#8221; header_2_font=&#8221;|800|||||||&#8221; header_2_text_align=&#8221;left&#8221; header_2_font_size=&#8221;30px&#8221; text_orientation=&#8221;center&#8221; global_colors_info=&#8221;{}&#8221;]<\/p>\n<h2>Klauzula informacyjna<\/h2>\n<p>[\/et_pb_text][et_pb_text _builder_version=&#8221;4.17.4&#8243; _module_preset=&#8221;default&#8221; text_font_size=&#8221;18px&#8221; header_3_font=&#8221;|800|||||||&#8221; header_3_font_size=&#8221;20px&#8221; header_3_line_height=&#8221;1.2em&#8221; hover_enabled=&#8221;0&#8243; global_colors_info=&#8221;{}&#8221; sticky_enabled=&#8221;0&#8243;]<\/p>\n<p>Zgodnie z art. 13 ust. 1 i 2 rozporz\u0105dzenia Parlamentu Europejskiego i Rady (UE) 2016\/679 z 27 kwietnia 2016 r. w sprawie ochrony os\u00f3b fizycznych w zwi\u0105zku z przetwarzaniem danych osobowych i w sprawie swobodnego przep\u0142ywu takich danych oraz uchylenia dyrektywy 95\/46\/WE Parlamentu Europejskiego i Rady z dnia 24 pa\u017adziernika 1995 r. w sprawie ochrony os\u00f3b fizycznych w zakresie przetwarzania danych osobowych i swobodnego przep\u0142ywu tych danych (Dz. Urz. UE L 119\/1 z 4.5.2016r. ) dalej RODO, informujemy, \u017ce:<\/p>\n<p>CHEMIS Sp.z o.o. z siedzib\u0105 26-660 Jedli\u0144sk; Lis\u00f3w 118E przetwarza Pa\u0144stwa dane osobowe: imi\u0119, nazwisko, adres e-mail, numer telefonu oraz stanowisko. Dane te by\u0142y pozyskane w zwi\u0105zku z naszymi wcze\u015bniejszymi kontaktami ( rozmowy telefoniczne, korespondencja mailowa, udzia\u0142 w spotkaniach handlowych ) zwi\u0105zanymi z Pa\u0144stwa zainteresowaniem nasz\u0105 ofert\u0105 produkcyjno \u2013 us\u0142ugow\u0105 lub zainteresowaniem CHEMIS Sp. z o.o. Pa\u0144stwa ofert\u0105 produkcyjno \u2013 us\u0142ugow\u0105 .<\/p>\n<p>Administratorem Pani\/Pana danych osobowych jest CHEMIS Sp. z o.o. z siedzib\u0105 26-660 Jedli\u0144sk; Lis\u00f3w 118E<br \/>Pani\/Pana dane osobowe przetwarzane b\u0119d\u0105 na podstawie art. 6 ust. 1 lit. a-d RODO, tj. w celu realizacji praw i obowi\u0105zk\u00f3w wynikaj\u0105cych ze wsp\u00f3\u0142pracy.<br \/>Odbiorc\u0105 Pani\/Pana danych osobowych b\u0119dzie CHEMIS Sp. z o.o. i ewentualne podmioty powi\u0105zane z ni\u0105 umowami<br \/>Posiada Pani\/Pan prawo dost\u0119pu do tre\u015bci swoich danych oraz prawo ich sprostowania, usuni\u0119cia, ograniczenia przetwarzania, prawo do przenoszenia danych, prawo wniesienia sprzeciwu, prawo cofni\u0119cia zgody w dowolnym momencie bez wp\u0142ywu na zgodno\u015b\u0107 z prawem przetwarzania, kt\u00f3rego dokonano na podstawie zgody przed jej wp\u0142yni\u0119ciem<br \/>Prawo dost\u0119pu do tre\u015bci swoich danych oraz prawo ich sprostowania, usuni\u0119cia, ograniczenia przetwarzania, prawo do przenoszenia danych, prawo wniesienia sprzeciwu, prawo cofni\u0119cia zgody w dowolnym momencie \u2013 mo\u017ce Pani\/Pan realizowa\u0107 bezpo\u015brednio w sekretariacie CHEMIS Sp. z o.o., pisemnie za pomoc\u0105 poczty tradycyjnej na adres: CHEMIS Sp.z o.o. z siedzib\u0105 26-660 Jedli\u0144sk; Lis\u00f3w 118E lub drog\u0105 elektroniczn\u0105 na adres: firma@chemis.com.pl w temacie wiadomo\u015bci wpisuj\u0105c RODO.<br \/>CHEMIS Sp. z o.o. wyznaczy\u0142a Inspektora Ochrony Danych, z kt\u00f3rym mo\u017cna si\u0119 kontaktowa\u0107 pisemnie, za pomoc\u0105 poczty tradycyjnej na adres: CHEMIS Sp.z o.o. z siedzib\u0105 26-660 Jedli\u0144sk; Lis\u00f3w 118E lub drog\u0105 elektroniczn\u0105 na adres: firma@chemis.com.pl w temacie wiadomo\u015bci wpisuj\u0105c RODO.<br \/>Ma Pani\/Pan prawo wniesienia skargi do Generalnego Inspektora Ochrony Danych Osobowych. Chcieliby\u015bmy jednak zaznaczy\u0107, \u017ce wkr\u00f3tce w\u0142a\u015bciwym organem nadzorczym w tej kwestii mo\u017ce by\u0107 Prezes Urz\u0119du Ochrony Danych Osobowych.<br \/>Podanie przez Pani\u0105\/Pana danych osobowych jest wymogiem ustawowym, ich nieprzekazanie spowoduje niemo\u017cno\u015b\u0107 realizacji \u0142\u0105cz\u0105cych strony relacji handlowych, zawartych um\u00f3w itp.<br \/>Informujemy r\u00f3wnie\u017c, \u017ce CHEMIS Sp. z o.o. dok\u0142ada wszelkich stara\u0144, aby zapewni\u0107 wszelkie \u015brodki fizycznej, technicznej i organizacyjnej ochrony danych osobowych przed ich przypadkowym czy umy\u015blnym zniszczeniem, przypadkow\u0105 utrat\u0105, zmian\u0105, nieuprawnionym ujawnieniem, wykorzystaniem czy dost\u0119pem, zgodnie ze wszystkimi obowi\u0105zuj\u0105cymi przepisami.<\/p>\n<p>Wi\u0119cej informacji mo\u017cna uzyska\u0107 pod adresem : <a href=\"http:\/\/eur-lex.europa.eu\/legal-content\/PL\/TXT\/?uri=CELEX:32016R0679\" target=\"_blank\" rel=\"noopener\">http:\/\/eur-lex.europa.eu\/legal-content\/PL\/TXT\/?uri=CELEX:32016R0679<\/a><\/p>\n<p>[\/et_pb_text][\/et_pb_column][\/et_pb_row][\/et_pb_section]<\/p>\n","protected":false},"excerpt":{"rendered":"<p>Klauzula informacyjnaZgodnie z art. 13 ust. 1 i 2 rozporz\u0105dzenia Parlamentu Europejskiego i Rady (UE) 2016\/679 z 27 kwietnia 2016 r. w sprawie ochrony os\u00f3b fizycznych w zwi\u0105zku z przetwarzaniem danych osobowych i w sprawie swobodnego przep\u0142ywu takich danych oraz uchylenia dyrektywy 95\/46\/WE Parlamentu Europejskiego i Rady z dnia 24 pa\u017adziernika 1995 r. w sprawie [&hellip;]<\/p>\n","protected":false},"author":1,"featured_media":0,"parent":0,"menu_order":0,"comment_status":"closed","ping_status":"closed","template":"","meta":{"_et_pb_use_builder":"on","_et_pb_old_content":"<!-- wp:divi\/placeholder \/-->","_et_gb_content_width":""},"yoast_head":"<!-- This site is optimized with the Yoast SEO plugin v18.8 - https:\/\/yoast.com\/wordpress\/plugins\/seo\/ -->\n<title>RODO - Chemis - chemis.com.pl<\/title>\n<meta name=\"robots\" content=\"noindex, follow\" \/>\n<meta property=\"og:locale\" content=\"en_US\" \/>\n<meta property=\"og:type\" content=\"article\" \/>\n<meta property=\"og:title\" content=\"RODO - Chemis - chemis.com.pl\" \/>\n<meta property=\"og:description\" content=\"Klauzula informacyjnaZgodnie z art. 13 ust. 1 i 2 rozporz\u0105dzenia Parlamentu Europejskiego i Rady (UE) 2016\/679 z 27 kwietnia 2016 r. w sprawie ochrony os\u00f3b fizycznych w zwi\u0105zku z przetwarzaniem danych osobowych i w sprawie swobodnego przep\u0142ywu takich danych oraz uchylenia dyrektywy 95\/46\/WE Parlamentu Europejskiego i Rady z dnia 24 pa\u017adziernika 1995 r. w sprawie [&hellip;]\" \/>\n<meta property=\"og:url\" content=\"https:\/\/chemis.com.pl\/en\/rodo\/\" \/>\n<meta property=\"og:site_name\" content=\"Chemis\" \/>\n<meta property=\"article:modified_time\" content=\"2026-03-16T10:15:53+00:00\" \/>\n<meta name=\"twitter:card\" content=\"summary_large_image\" \/>\n<meta name=\"twitter:label1\" content=\"Est. reading time\" \/>\n\t<meta name=\"twitter:data1\" content=\"2 minutes\" \/>\n<script type=\"application\/ld+json\" class=\"yoast-schema-graph\">{\"@context\":\"https:\/\/schema.org\",\"@graph\":[{\"@type\":\"WebSite\",\"@id\":\"https:\/\/chemis.com.pl\/#website\",\"url\":\"https:\/\/chemis.com.pl\/\",\"name\":\"Chemis\",\"description\":\"\",\"potentialAction\":[{\"@type\":\"SearchAction\",\"target\":{\"@type\":\"EntryPoint\",\"urlTemplate\":\"https:\/\/chemis.com.pl\/?s={search_term_string}\"},\"query-input\":\"required name=search_term_string\"}],\"inLanguage\":\"en-US\"},{\"@type\":\"WebPage\",\"@id\":\"https:\/\/chemis.com.pl\/rodo\/#webpage\",\"url\":\"https:\/\/chemis.com.pl\/rodo\/\",\"name\":\"RODO - Chemis - chemis.com.pl\",\"isPartOf\":{\"@id\":\"https:\/\/chemis.com.pl\/#website\"},\"datePublished\":\"2021-05-14T13:17:40+00:00\",\"dateModified\":\"2026-03-16T10:15:53+00:00\",\"breadcrumb\":{\"@id\":\"https:\/\/chemis.com.pl\/rodo\/#breadcrumb\"},\"inLanguage\":\"en-US\",\"potentialAction\":[{\"@type\":\"ReadAction\",\"target\":[\"https:\/\/chemis.com.pl\/rodo\/\"]}]},{\"@type\":\"BreadcrumbList\",\"@id\":\"https:\/\/chemis.com.pl\/rodo\/#breadcrumb\",\"itemListElement\":[{\"@type\":\"ListItem\",\"position\":1,\"name\":\"Home\",\"item\":\"https:\/\/chemis.com.pl\/\"},{\"@type\":\"ListItem\",\"position\":2,\"name\":\"RODO\"}]}]}<\/script>\n<!-- \/ Yoast SEO plugin. -->","yoast_head_json":{"title":"RODO - Chemis - chemis.com.pl","robots":{"index":"noindex","follow":"follow"},"og_locale":"en_US","og_type":"article","og_title":"RODO - Chemis - chemis.com.pl","og_description":"Klauzula informacyjnaZgodnie z art. 13 ust. 1 i 2 rozporz\u0105dzenia Parlamentu Europejskiego i Rady (UE) 2016\/679 z 27 kwietnia 2016 r. w sprawie ochrony os\u00f3b fizycznych w zwi\u0105zku z przetwarzaniem danych osobowych i w sprawie swobodnego przep\u0142ywu takich danych oraz uchylenia dyrektywy 95\/46\/WE Parlamentu Europejskiego i Rady z dnia 24 pa\u017adziernika 1995 r. w sprawie [&hellip;]","og_url":"https:\/\/chemis.com.pl\/en\/rodo\/","og_site_name":"Chemis","article_modified_time":"2026-03-16T10:15:53+00:00","twitter_card":"summary_large_image","twitter_misc":{"Est. reading time":"2 minutes"},"schema":{"@context":"https:\/\/schema.org","@graph":[{"@type":"WebSite","@id":"https:\/\/chemis.com.pl\/#website","url":"https:\/\/chemis.com.pl\/","name":"Chemis","description":"","potentialAction":[{"@type":"SearchAction","target":{"@type":"EntryPoint","urlTemplate":"https:\/\/chemis.com.pl\/?s={search_term_string}"},"query-input":"required name=search_term_string"}],"inLanguage":"en-US"},{"@type":"WebPage","@id":"https:\/\/chemis.com.pl\/rodo\/#webpage","url":"https:\/\/chemis.com.pl\/rodo\/","name":"RODO - Chemis - chemis.com.pl","isPartOf":{"@id":"https:\/\/chemis.com.pl\/#website"},"datePublished":"2021-05-14T13:17:40+00:00","dateModified":"2026-03-16T10:15:53+00:00","breadcrumb":{"@id":"https:\/\/chemis.com.pl\/rodo\/#breadcrumb"},"inLanguage":"en-US","potentialAction":[{"@type":"ReadAction","target":["https:\/\/chemis.com.pl\/rodo\/"]}]},{"@type":"BreadcrumbList","@id":"https:\/\/chemis.com.pl\/rodo\/#breadcrumb","itemListElement":[{"@type":"ListItem","position":1,"name":"Home","item":"https:\/\/chemis.com.pl\/"},{"@type":"ListItem","position":2,"name":"RODO"}]}]}},"_links":{"self":[{"href":"https:\/\/chemis.com.pl\/en\/wp-json\/wp\/v2\/pages\/743"}],"collection":[{"href":"https:\/\/chemis.com.pl\/en\/wp-json\/wp\/v2\/pages"}],"about":[{"href":"https:\/\/chemis.com.pl\/en\/wp-json\/wp\/v2\/types\/page"}],"author":[{"embeddable":true,"href":"https:\/\/chemis.com.pl\/en\/wp-json\/wp\/v2\/users\/1"}],"replies":[{"embeddable":true,"href":"https:\/\/chemis.com.pl\/en\/wp-json\/wp\/v2\/comments?post=743"}],"version-history":[{"count":5,"href":"https:\/\/chemis.com.pl\/en\/wp-json\/wp\/v2\/pages\/743\/revisions"}],"predecessor-version":[{"id":1058,"href":"https:\/\/chemis.com.pl\/en\/wp-json\/wp\/v2\/pages\/743\/revisions\/1058"}],"wp:attachment":[{"href":"https:\/\/chemis.com.pl\/en\/wp-json\/wp\/v2\/media?parent=743"}],"curies":[{"name":"wp","href":"https:\/\/api.w.org\/{rel}","templated":true}]}}