{"id":619,"date":"2021-05-11T09:44:01","date_gmt":"2021-05-11T07:44:01","guid":{"rendered":"https:\/\/backup.144ontour.com\/o-firmie-copy\/"},"modified":"2026-01-21T06:50:06","modified_gmt":"2026-01-21T05:50:06","slug":"uslugi","status":"publish","type":"page","link":"https:\/\/chemis.com.pl\/ru\/uslugi\/","title":{"rendered":"\u0423\u0441\u043b\u0443\u0433\u0438"},"content":{"rendered":"<p>[et_pb_section fb_built=&#8221;1&#8243; _builder_version=&#8221;4.8.2&#8243; _module_preset=&#8221;default&#8221; background_enable_color=&#8221;off&#8221; background_image=&#8221;https:\/\/chemis.com.pl\/wp-content\/uploads\/2021\/02\/Header-bg.png&#8221; background_position=&#8221;bottom_center&#8221; custom_padding=&#8221;6%||6%||true|false&#8221; global_module=&#8221;258&#8243; saved_tabs=&#8221;all&#8221; global_colors_info=&#8221;{}&#8221;][et_pb_row _builder_version=&#8221;4.16&#8243; _module_preset=&#8221;default&#8221; global_colors_info=&#8221;{}&#8221;][et_pb_column type=&#8221;4_4&#8243; _builder_version=&#8221;4.16&#8243; _module_preset=&#8221;default&#8221; global_colors_info=&#8221;{}&#8221;][et_pb_text _builder_version=&#8221;4.16&#8243; _dynamic_attributes=&#8221;content&#8221; _module_preset=&#8221;default&#8221; text_font=&#8221;|800|||||||&#8221; text_text_color=&#8221;#161633&#8243; text_font_size=&#8221;36px&#8221; header_2_font=&#8221;|800|||||||&#8221; header_2_text_align=&#8221;center&#8221; header_2_font_size=&#8221;30px&#8221; text_orientation=&#8221;center&#8221; text_font_size_tablet=&#8221;34px&#8221; text_font_size_phone=&#8221;28px&#8221; text_font_size_last_edited=&#8221;on|phone&#8221; global_colors_info=&#8221;{}&#8221;]@ET-DC@eyJkeW5hbWljIjp0cnVlLCJjb250ZW50IjoicG9zdF90aXRsZSIsInNldHRpbmdzIjp7ImJlZm9yZSI6IiIsImFmdGVyIjoiIn19@[\/et_pb_text][\/et_pb_column][\/et_pb_row][\/et_pb_section][et_pb_section fb_built=&#8221;1&#8243; custom_padding_last_edited=&#8221;on|phone&#8221; module_id=&#8221;1&#8243; _builder_version=&#8221;4.16&#8243; _module_preset=&#8221;default&#8221; custom_padding=&#8221;4%||4%||true|false&#8221; custom_padding_tablet=&#8221;6%||6%||true|false&#8221; custom_padding_phone=&#8221;8%||8%||true|false&#8221; global_colors_info=&#8221;{}&#8221;][et_pb_row _builder_version=&#8221;4.16&#8243; _module_preset=&#8221;default&#8221; custom_padding=&#8221;||4%||false|false&#8221; global_colors_info=&#8221;{}&#8221;][et_pb_column type=&#8221;4_4&#8243; _builder_version=&#8221;4.16&#8243; _module_preset=&#8221;default&#8221; global_colors_info=&#8221;{}&#8221;][et_pb_text _builder_version=&#8221;4.17.4&#8243; _module_preset=&#8221;default&#8221; text_font_size=&#8221;18px&#8221; header_font=&#8221;|800|||||||&#8221; header_text_align=&#8221;center&#8221; header_font_size=&#8221;22px&#8221; header_line_height=&#8221;1.2em&#8221; header_2_font=&#8221;|800|||||||&#8221; header_2_text_align=&#8221;left&#8221; header_2_font_size=&#8221;30px&#8221; text_orientation=&#8221;center&#8221; width=&#8221;70%&#8221; width_tablet=&#8221;100%&#8221; width_phone=&#8221;100%&#8221; width_last_edited=&#8221;on|phone&#8221; module_alignment=&#8221;center&#8221; hover_enabled=&#8221;0&#8243; header_font_size_tablet=&#8221;&#8221; header_font_size_phone=&#8221;18px&#8221; header_font_size_last_edited=&#8221;on|phone&#8221; global_colors_info=&#8221;{}&#8221; sticky_enabled=&#8221;0&#8243;]<\/p>\n<h1>Firma w ramach rozwijania swojej dzia\u0142alno\u015bci postawi\u0142a tak\u017ce na oferowanie us\u0142ug pakowania zar\u00f3wno jedynie konfekcjonowania jak i pomocy przy pe\u0142nej produkcji.<\/h1>\n<p>[\/et_pb_text][\/et_pb_column][\/et_pb_row][et_pb_row column_structure=&#8221;1_2,1_2&#8243; _builder_version=&#8221;4.16&#8243; _module_preset=&#8221;default&#8221; global_colors_info=&#8221;{}&#8221;][et_pb_column type=&#8221;1_2&#8243; module_class=&#8221;ds-vertical-align&#8221; _builder_version=&#8221;4.16&#8243; _module_preset=&#8221;default&#8221; global_colors_info=&#8221;{}&#8221;][et_pb_image src=&#8221;https:\/\/chemis.com.pl\/wp-content\/uploads\/2021\/06\/Produkcja-bg.jpg&#8221; title_text=&#8221;Produkcja pod mark\u0105 w\u0142asn\u0105 klienta&#8221; _builder_version=&#8221;4.16&#8243; _module_preset=&#8221;default&#8221; border_radii=&#8221;on|10px|10px|10px|10px&#8221; global_colors_info=&#8221;{}&#8221;][\/et_pb_image][\/et_pb_column][et_pb_column type=&#8221;1_2&#8243; module_class=&#8221;ds-vertical-align&#8221; _builder_version=&#8221;4.16&#8243; _module_preset=&#8221;default&#8221; global_colors_info=&#8221;{}&#8221;][et_pb_text _builder_version=&#8221;4.16&#8243; _module_preset=&#8221;default&#8221; text_font_size=&#8221;18px&#8221; header_2_font=&#8221;|800|||||||&#8221; header_2_text_align=&#8221;left&#8221; header_2_font_size=&#8221;30px&#8221; text_orientation=&#8221;center&#8221; global_colors_info=&#8221;{}&#8221;]<\/p>\n<h2>Produkcja pod mark\u0105 w\u0142asn\u0105 klienta<\/h2>\n<p>[\/et_pb_text][et_pb_text _builder_version=&#8221;4.16&#8243; _module_preset=&#8221;default&#8221; text_font_size=&#8221;18px&#8221; header_3_font=&#8221;|800|||||||&#8221; header_3_font_size=&#8221;20px&#8221; header_3_line_height=&#8221;1.2em&#8221; global_colors_info=&#8221;{}&#8221;]<\/p>\n<p>Oferujemy naszym klientom mo\u017cliwo\u015b\u0107 poszerzenia swojego portfolio o wysokiej jako\u015bci produkty pod mark\u0105 w\u0142asn\u0105 klienta. Bez konieczno\u015bci uruchamia w\u0142asnej linii produkcyjnej oraz posiadania know-how mo\u017cna wzbogaci\u0107 sw\u00f3j asortyment o nasze produkty we w\u0142asnej marce. Zapewniamy wsparcie na etapie projektu jak i przy funkcjonowaniu produktu na rynku. Istnieje mo\u017cliwo\u015b\u0107 produkcji z uwzgl\u0119dnieniem zmian, jakie by\u0142yby najlepsze dla klienta.<\/p>\n<p>[\/et_pb_text][\/et_pb_column][\/et_pb_row][et_pb_row _builder_version=&#8221;4.16&#8243; _module_preset=&#8221;default&#8221; width=&#8221;100%&#8221; max_width=&#8221;100%&#8221; custom_margin=&#8221;0px||0px||true|false&#8221; custom_padding=&#8221;0px||0px||true|false&#8221; global_colors_info=&#8221;{}&#8221;][et_pb_column type=&#8221;4_4&#8243; _builder_version=&#8221;4.16&#8243; _module_preset=&#8221;default&#8221; global_colors_info=&#8221;{}&#8221;][et_pb_image src=&#8221;https:\/\/chemis.com.pl\/wp-content\/uploads\/2021\/02\/Home-3-bg.png&#8221; title_text=&#8221;Home-3-bg&#8221; show_bottom_space=&#8221;off&#8221; _builder_version=&#8221;4.16&#8243; _module_preset=&#8221;default&#8221; width=&#8221;10%&#8221; width_tablet=&#8221;20%&#8221; width_phone=&#8221;30%&#8221; width_last_edited=&#8221;on|phone&#8221; custom_margin=&#8221;0px||0px||true|false&#8221; custom_padding=&#8221;0px||0px||true|false&#8221; custom_css_main_element=&#8221;margin-bottom: -100px !important;||margin-top: -100px !important;&#8221; global_colors_info=&#8221;{}&#8221;][\/et_pb_image][\/et_pb_column][\/et_pb_row][\/et_pb_section][et_pb_section fb_built=&#8221;1&#8243; custom_padding_last_edited=&#8221;on|phone&#8221; _builder_version=&#8221;4.16&#8243; _module_preset=&#8221;default&#8221; background_color=&#8221;#effdff&#8221; custom_padding=&#8221;4%||4%||true|false&#8221; custom_padding_tablet=&#8221;6%||6%||true|false&#8221; custom_padding_phone=&#8221;8%||8%||true|false&#8221; global_colors_info=&#8221;{}&#8221;][et_pb_row column_structure=&#8221;1_2,1_2&#8243; module_id=&#8221;2&#8243; module_class=&#8221;custom_row&#8221; _builder_version=&#8221;4.16&#8243; _module_preset=&#8221;default&#8221; global_colors_info=&#8221;{}&#8221;][et_pb_column type=&#8221;1_2&#8243; module_id=&#8221;second-on-mobile&#8221; module_class=&#8221;ds-vertical-align&#8221; _builder_version=&#8221;4.16&#8243; _module_preset=&#8221;default&#8221; global_colors_info=&#8221;{}&#8221;][et_pb_text _builder_version=&#8221;4.16&#8243; _module_preset=&#8221;default&#8221; text_font_size=&#8221;18px&#8221; header_2_font=&#8221;|800|||||||&#8221; header_2_text_align=&#8221;left&#8221; header_2_font_size=&#8221;30px&#8221; text_orientation=&#8221;center&#8221; global_colors_info=&#8221;{}&#8221;]<\/p>\n<h2>Konfekcjonowanie \u2013 maszyny poziomo pakuj\u0105ce<\/h2>\n<p>[\/et_pb_text][et_pb_text _builder_version=&#8221;4.16&#8243; _module_preset=&#8221;default&#8221; text_font_size=&#8221;18px&#8221; header_3_font=&#8221;|800|||||||&#8221; header_3_font_size=&#8221;20px&#8221; header_3_line_height=&#8221;1.2em&#8221; global_colors_info=&#8221;{}&#8221;]Oferujemy naszym klientom opcje zlecenia pakowania artyku\u0142\u00f3w o konsystencji cia\u0142a sta\u0142ego na automatach poziomych typu flow-pack. Istnieje mo\u017cliwo\u015b\u0107 pakowania w foli\u0119 bez nadruku jak i z nadrukiem. Mo\u017cemy pakowa\u0107 w foli\u0119 klienta, kt\u00f3ra b\u0119dzie spe\u0142nia\u0142a odpowiednie parametry lub w dost\u0119pn\u0105 foli\u0119 w\u0142asn\u0105. Pakowany produkt winien rozmiarem mie\u015bci\u0107 si\u0119 w przedziale: d\u0142ugo\u015b\u0107: od 40 mm do 90 mm; szeroko\u015b\u0107: od 15 mm do 120 mm; wysoko\u015b\u0107: do 40 mm. Zapraszamy z konkretnymi zapytaniami aby potwierdzi\u0107 mo\u017cliwo\u015b\u0107 konfekcji konkretnego produktu klienta.[\/et_pb_text][\/et_pb_column][et_pb_column type=&#8221;1_2&#8243; module_id=&#8221;first-on-mobile&#8221; module_class=&#8221;ds-vertical-align&#8221; _builder_version=&#8221;4.16&#8243; _module_preset=&#8221;default&#8221; global_colors_info=&#8221;{}&#8221;][et_pb_image src=&#8221;https:\/\/chemis.com.pl\/wp-content\/uploads\/2021\/06\/Konfekcjonowanie-maszyna-bg.jpg&#8221; title_text=&#8221;Konfekcjonowanie \u2013 maszyny poziomo pakuj\u0105ce&#8221; _builder_version=&#8221;4.16&#8243; _module_preset=&#8221;default&#8221; custom_padding_tablet=&#8221;||6%||false|false&#8221; custom_padding_phone=&#8221;||8%||false|false&#8221; custom_padding_last_edited=&#8221;on|phone&#8221; border_radii=&#8221;on|10px|10px|10px|10px&#8221; global_colors_info=&#8221;{}&#8221;][\/et_pb_image][\/et_pb_column][\/et_pb_row][et_pb_row _builder_version=&#8221;4.16&#8243; _module_preset=&#8221;default&#8221; width=&#8221;100%&#8221; max_width=&#8221;100%&#8221; custom_margin=&#8221;0px||0px||true|false&#8221; custom_padding=&#8221;0px||0px||true|false&#8221; global_colors_info=&#8221;{}&#8221;][et_pb_column type=&#8221;4_4&#8243; _builder_version=&#8221;4.16&#8243; _module_preset=&#8221;default&#8221; global_colors_info=&#8221;{}&#8221;][et_pb_image src=&#8221;https:\/\/chemis.com.pl\/wp-content\/uploads\/2021\/02\/Home-2-bg.png&#8221; title_text=&#8221;Home-2-bg&#8221; show_bottom_space=&#8221;off&#8221; align=&#8221;right&#8221; _builder_version=&#8221;4.16&#8243; _module_preset=&#8221;default&#8221; width_tablet=&#8221;20%&#8221; width_phone=&#8221;30%&#8221; width_last_edited=&#8221;on|tablet&#8221; custom_margin=&#8221;0px||0px||true|false&#8221; custom_padding=&#8221;0px||0px||true|false&#8221; custom_css_main_element=&#8221;margin-bottom: -100px !important;||margin-top: -200px !important;&#8221; global_colors_info=&#8221;{}&#8221; custom_css_main_element_last_edited=&#8221;on|phone&#8221; custom_css_main_element_tablet=&#8221;margin-bottom: -100px !important;||margin-top: -100px !important;&#8221; custom_css_main_element_phone=&#8221;margin-bottom: -100px !important;||margin-top: -100px !important;&#8221;][\/et_pb_image][\/et_pb_column][\/et_pb_row][\/et_pb_section][et_pb_section fb_built=&#8221;1&#8243; custom_padding_last_edited=&#8221;on|phone&#8221; _builder_version=&#8221;4.16&#8243; _module_preset=&#8221;default&#8221; custom_padding=&#8221;4%||4%||true|false&#8221; custom_padding_tablet=&#8221;6%||6%||true|false&#8221; custom_padding_phone=&#8221;8%||8%||true|false&#8221; global_colors_info=&#8221;{}&#8221;][et_pb_row column_structure=&#8221;1_2,1_2&#8243; module_id=&#8221;3&#8243; _builder_version=&#8221;4.16&#8243; _module_preset=&#8221;default&#8221; global_colors_info=&#8221;{}&#8221;][et_pb_column type=&#8221;1_2&#8243; module_class=&#8221;ds-vertical-align&#8221; _builder_version=&#8221;4.16&#8243; _module_preset=&#8221;default&#8221; global_colors_info=&#8221;{}&#8221;][et_pb_image src=&#8221;https:\/\/chemis.com.pl\/wp-content\/uploads\/2021\/06\/Konfekcjonowanie-bg.jpg&#8221; title_text=&#8221;Konfekcjonowanie-bg&#8221; _builder_version=&#8221;4.16&#8243; _module_preset=&#8221;default&#8221; border_radii=&#8221;on|10px|10px|10px|10px&#8221; global_colors_info=&#8221;{}&#8221;][\/et_pb_image][\/et_pb_column][et_pb_column type=&#8221;1_2&#8243; module_class=&#8221;ds-vertical-align&#8221; _builder_version=&#8221;4.16&#8243; _module_preset=&#8221;default&#8221; global_colors_info=&#8221;{}&#8221;][et_pb_text _builder_version=&#8221;4.16&#8243; _module_preset=&#8221;default&#8221; text_font_size=&#8221;18px&#8221; header_2_font=&#8221;|800|||||||&#8221; header_2_text_align=&#8221;left&#8221; header_2_font_size=&#8221;30px&#8221; text_orientation=&#8221;center&#8221; global_colors_info=&#8221;{}&#8221;]<\/p>\n<h2>Konfekcjonowanie \u2013 blister<\/h2>\n<p>[\/et_pb_text][et_pb_text _builder_version=&#8221;4.16&#8243; _module_preset=&#8221;default&#8221; text_font_size=&#8221;18px&#8221; header_3_font=&#8221;|800|||||||&#8221; header_3_font_size=&#8221;20px&#8221; header_3_line_height=&#8221;1.2em&#8221; global_colors_info=&#8221;{}&#8221;]\u015awiadczymy tak\u017ce us\u0142ugowe pakowanie metod\u0105 zgrzewania kartonik \u2013 blister. Produkt winien by\u0107 w formie cia\u0142a sta\u0142ego, kt\u00f3re b\u0119dzie odporne na wysokie temperatury. Produkt nie mo\u017ce ulec uszkodzeniu przy wystawieniu na kr\u00f3tkotrwa\u0142e dzia\u0142anie wysokiej temperatury ( ca. 200\u00b0C). Zapewniamy wsparcie przy projektowaniu i produkcji kartonika jak i wyt\u0142oczki blister. Zapraszamy do kontaktu celem potwierdzenia mo\u017cliwo\u015bci bezpiecznego pakowania konkretnego produktu.[\/et_pb_text][\/et_pb_column][\/et_pb_row][\/et_pb_section]<\/p>\n","protected":false},"excerpt":{"rendered":"<p>Firma w ramach rozwijania swojej dzia\u0142alno\u015bci postawi\u0142a tak\u017ce na oferowanie us\u0142ug pakowania zar\u00f3wno jedynie konfekcjonowania jak i pomocy przy pe\u0142nej produkcji.Produkcja pod mark\u0105 w\u0142asn\u0105 klientaOferujemy naszym klientom mo\u017cliwo\u015b\u0107 poszerzenia swojego portfolio o wysokiej jako\u015bci produkty pod mark\u0105 w\u0142asn\u0105 klienta. Bez konieczno\u015bci uruchamia w\u0142asnej linii produkcyjnej oraz posiadania know-how mo\u017cna wzbogaci\u0107 sw\u00f3j asortyment o nasze produkty [&hellip;]<\/p>\n","protected":false},"author":1,"featured_media":0,"parent":0,"menu_order":0,"comment_status":"closed","ping_status":"closed","template":"","meta":{"_et_pb_use_builder":"on","_et_pb_old_content":"<!-- wp:divi\/placeholder \/-->","_et_gb_content_width":""},"yoast_head":"<!-- This site is optimized with the Yoast SEO plugin v18.8 - https:\/\/yoast.com\/wordpress\/plugins\/seo\/ -->\n<title>Us\u0142ugi - Chemis - chemis.com.pl<\/title>\n<meta name=\"robots\" content=\"index, follow, max-snippet:-1, max-image-preview:large, max-video-preview:-1\" \/>\n<link rel=\"canonical\" href=\"https:\/\/chemis.com.pl\/ru\/uslugi\/\" \/>\n<meta property=\"og:locale\" content=\"ru_RU\" \/>\n<meta property=\"og:type\" content=\"article\" \/>\n<meta property=\"og:title\" content=\"Us\u0142ugi - Chemis - chemis.com.pl\" \/>\n<meta property=\"og:description\" content=\"Firma w ramach rozwijania swojej dzia\u0142alno\u015bci postawi\u0142a tak\u017ce na oferowanie us\u0142ug pakowania zar\u00f3wno jedynie konfekcjonowania jak i pomocy przy pe\u0142nej produkcji.Produkcja pod mark\u0105 w\u0142asn\u0105 klientaOferujemy naszym klientom mo\u017cliwo\u015b\u0107 poszerzenia swojego portfolio o wysokiej jako\u015bci produkty pod mark\u0105 w\u0142asn\u0105 klienta. Bez konieczno\u015bci uruchamia w\u0142asnej linii produkcyjnej oraz posiadania know-how mo\u017cna wzbogaci\u0107 sw\u00f3j asortyment o nasze produkty [&hellip;]\" \/>\n<meta property=\"og:url\" content=\"https:\/\/chemis.com.pl\/ru\/uslugi\/\" \/>\n<meta property=\"og:site_name\" content=\"Chemis\" \/>\n<meta property=\"article:modified_time\" content=\"2026-01-21T05:50:06+00:00\" \/>\n<meta name=\"twitter:card\" content=\"summary_large_image\" \/>\n<meta name=\"twitter:label1\" content=\"\u041f\u0440\u0438\u043c\u0435\u0440\u043d\u043e\u0435 \u0432\u0440\u0435\u043c\u044f \u0434\u043b\u044f \u0447\u0442\u0435\u043d\u0438\u044f\" \/>\n\t<meta name=\"twitter:data1\" content=\"7 \u043c\u0438\u043d\u0443\u0442\" \/>\n<script type=\"application\/ld+json\" class=\"yoast-schema-graph\">{\"@context\":\"https:\/\/schema.org\",\"@graph\":[{\"@type\":\"WebSite\",\"@id\":\"https:\/\/chemis.com.pl\/#website\",\"url\":\"https:\/\/chemis.com.pl\/\",\"name\":\"Chemis\",\"description\":\"\",\"potentialAction\":[{\"@type\":\"SearchAction\",\"target\":{\"@type\":\"EntryPoint\",\"urlTemplate\":\"https:\/\/chemis.com.pl\/?s={search_term_string}\"},\"query-input\":\"required name=search_term_string\"}],\"inLanguage\":\"ru-RU\"},{\"@type\":\"WebPage\",\"@id\":\"https:\/\/chemis.com.pl\/uslugi\/#webpage\",\"url\":\"https:\/\/chemis.com.pl\/uslugi\/\",\"name\":\"Us\u0142ugi - Chemis - chemis.com.pl\",\"isPartOf\":{\"@id\":\"https:\/\/chemis.com.pl\/#website\"},\"datePublished\":\"2021-05-11T07:44:01+00:00\",\"dateModified\":\"2026-01-21T05:50:06+00:00\",\"breadcrumb\":{\"@id\":\"https:\/\/chemis.com.pl\/uslugi\/#breadcrumb\"},\"inLanguage\":\"ru-RU\",\"potentialAction\":[{\"@type\":\"ReadAction\",\"target\":[\"https:\/\/chemis.com.pl\/uslugi\/\"]}]},{\"@type\":\"BreadcrumbList\",\"@id\":\"https:\/\/chemis.com.pl\/uslugi\/#breadcrumb\",\"itemListElement\":[{\"@type\":\"ListItem\",\"position\":1,\"name\":\"Home\",\"item\":\"https:\/\/chemis.com.pl\/\"},{\"@type\":\"ListItem\",\"position\":2,\"name\":\"Us\u0142ugi\"}]}]}<\/script>\n<!-- \/ Yoast SEO plugin. -->","yoast_head_json":{"title":"Us\u0142ugi - Chemis - chemis.com.pl","robots":{"index":"index","follow":"follow","max-snippet":"max-snippet:-1","max-image-preview":"max-image-preview:large","max-video-preview":"max-video-preview:-1"},"canonical":"https:\/\/chemis.com.pl\/ru\/uslugi\/","og_locale":"ru_RU","og_type":"article","og_title":"Us\u0142ugi - Chemis - chemis.com.pl","og_description":"Firma w ramach rozwijania swojej dzia\u0142alno\u015bci postawi\u0142a tak\u017ce na oferowanie us\u0142ug pakowania zar\u00f3wno jedynie konfekcjonowania jak i pomocy przy pe\u0142nej produkcji.Produkcja pod mark\u0105 w\u0142asn\u0105 klientaOferujemy naszym klientom mo\u017cliwo\u015b\u0107 poszerzenia swojego portfolio o wysokiej jako\u015bci produkty pod mark\u0105 w\u0142asn\u0105 klienta. Bez konieczno\u015bci uruchamia w\u0142asnej linii produkcyjnej oraz posiadania know-how mo\u017cna wzbogaci\u0107 sw\u00f3j asortyment o nasze produkty [&hellip;]","og_url":"https:\/\/chemis.com.pl\/ru\/uslugi\/","og_site_name":"Chemis","article_modified_time":"2026-01-21T05:50:06+00:00","twitter_card":"summary_large_image","twitter_misc":{"\u041f\u0440\u0438\u043c\u0435\u0440\u043d\u043e\u0435 \u0432\u0440\u0435\u043c\u044f \u0434\u043b\u044f \u0447\u0442\u0435\u043d\u0438\u044f":"7 \u043c\u0438\u043d\u0443\u0442"},"schema":{"@context":"https:\/\/schema.org","@graph":[{"@type":"WebSite","@id":"https:\/\/chemis.com.pl\/#website","url":"https:\/\/chemis.com.pl\/","name":"Chemis","description":"","potentialAction":[{"@type":"SearchAction","target":{"@type":"EntryPoint","urlTemplate":"https:\/\/chemis.com.pl\/?s={search_term_string}"},"query-input":"required name=search_term_string"}],"inLanguage":"ru-RU"},{"@type":"WebPage","@id":"https:\/\/chemis.com.pl\/uslugi\/#webpage","url":"https:\/\/chemis.com.pl\/uslugi\/","name":"Us\u0142ugi - Chemis - chemis.com.pl","isPartOf":{"@id":"https:\/\/chemis.com.pl\/#website"},"datePublished":"2021-05-11T07:44:01+00:00","dateModified":"2026-01-21T05:50:06+00:00","breadcrumb":{"@id":"https:\/\/chemis.com.pl\/uslugi\/#breadcrumb"},"inLanguage":"ru-RU","potentialAction":[{"@type":"ReadAction","target":["https:\/\/chemis.com.pl\/uslugi\/"]}]},{"@type":"BreadcrumbList","@id":"https:\/\/chemis.com.pl\/uslugi\/#breadcrumb","itemListElement":[{"@type":"ListItem","position":1,"name":"Home","item":"https:\/\/chemis.com.pl\/"},{"@type":"ListItem","position":2,"name":"Us\u0142ugi"}]}]}},"_links":{"self":[{"href":"https:\/\/chemis.com.pl\/ru\/wp-json\/wp\/v2\/pages\/619"}],"collection":[{"href":"https:\/\/chemis.com.pl\/ru\/wp-json\/wp\/v2\/pages"}],"about":[{"href":"https:\/\/chemis.com.pl\/ru\/wp-json\/wp\/v2\/types\/page"}],"author":[{"embeddable":true,"href":"https:\/\/chemis.com.pl\/ru\/wp-json\/wp\/v2\/users\/1"}],"replies":[{"embeddable":true,"href":"https:\/\/chemis.com.pl\/ru\/wp-json\/wp\/v2\/comments?post=619"}],"version-history":[{"count":17,"href":"https:\/\/chemis.com.pl\/ru\/wp-json\/wp\/v2\/pages\/619\/revisions"}],"predecessor-version":[{"id":1034,"href":"https:\/\/chemis.com.pl\/ru\/wp-json\/wp\/v2\/pages\/619\/revisions\/1034"}],"wp:attachment":[{"href":"https:\/\/chemis.com.pl\/ru\/wp-json\/wp\/v2\/media?parent=619"}],"curies":[{"name":"wp","href":"https:\/\/api.w.org\/{rel}","templated":true}]}}