{"id":641,"date":"2021-05-11T12:12:20","date_gmt":"2021-05-11T10:12:20","guid":{"rendered":"https:\/\/backup.144ontour.com\/uslugi-copy\/"},"modified":"2026-03-16T14:29:30","modified_gmt":"2026-03-16T13:29:30","slug":"do-pobrania","status":"publish","type":"page","link":"https:\/\/chemis.com.pl\/ru\/do-pobrania\/","title":{"rendered":"\u0421\u043a\u0430\u0447\u0430\u0442\u044c"},"content":{"rendered":"<p>[et_pb_section fb_built=&#8221;1&#8243; _builder_version=&#8221;4.8.2&#8243; _module_preset=&#8221;default&#8221; background_enable_color=&#8221;off&#8221; background_image=&#8221;https:\/\/chemis.com.pl\/wp-content\/uploads\/2021\/02\/Header-bg.png&#8221; background_position=&#8221;bottom_center&#8221; custom_padding=&#8221;6%||6%||true|false&#8221; global_module=&#8221;258&#8243; saved_tabs=&#8221;all&#8221; global_colors_info=&#8221;{}&#8221;][et_pb_row _builder_version=&#8221;4.16&#8243; _module_preset=&#8221;default&#8221; global_colors_info=&#8221;{}&#8221;][et_pb_column type=&#8221;4_4&#8243; _builder_version=&#8221;4.16&#8243; _module_preset=&#8221;default&#8221; global_colors_info=&#8221;{}&#8221;][et_pb_text _builder_version=&#8221;4.16&#8243; _dynamic_attributes=&#8221;content&#8221; _module_preset=&#8221;default&#8221; text_font=&#8221;|800|||||||&#8221; text_text_color=&#8221;#161633&#8243; text_font_size=&#8221;36px&#8221; header_2_font=&#8221;|800|||||||&#8221; header_2_text_align=&#8221;center&#8221; header_2_font_size=&#8221;30px&#8221; text_orientation=&#8221;center&#8221; text_font_size_tablet=&#8221;34px&#8221; text_font_size_phone=&#8221;28px&#8221; text_font_size_last_edited=&#8221;on|phone&#8221; global_colors_info=&#8221;{}&#8221;]@ET-DC@eyJkeW5hbWljIjp0cnVlLCJjb250ZW50IjoicG9zdF90aXRsZSIsInNldHRpbmdzIjp7ImJlZm9yZSI6IiIsImFmdGVyIjoiIn19@[\/et_pb_text][\/et_pb_column][\/et_pb_row][\/et_pb_section][et_pb_section fb_built=&#8221;1&#8243; custom_padding_last_edited=&#8221;on|phone&#8221; _builder_version=&#8221;4.16&#8243; _module_preset=&#8221;default&#8221; custom_padding=&#8221;4%||4%||true|false&#8221; custom_padding_tablet=&#8221;6%||6%||true|false&#8221; custom_padding_phone=&#8221;8%||8%||true|false&#8221; global_colors_info=&#8221;{}&#8221;][et_pb_row column_structure=&#8221;1_2,1_2&#8243; module_id=&#8221;1&#8243; _builder_version=&#8221;4.16&#8243; _module_preset=&#8221;default&#8221; global_colors_info=&#8221;{}&#8221;][et_pb_column type=&#8221;1_2&#8243; module_class=&#8221;ds-vertical-align&#8221; _builder_version=&#8221;4.16&#8243; _module_preset=&#8221;default&#8221; global_colors_info=&#8221;{}&#8221;][et_pb_text _builder_version=&#8221;4.16&#8243; _module_preset=&#8221;default&#8221; text_font_size=&#8221;18px&#8221; header_2_font=&#8221;|800|||||||&#8221; header_2_text_align=&#8221;left&#8221; header_2_font_size=&#8221;30px&#8221; text_orientation=&#8221;center&#8221; global_colors_info=&#8221;{}&#8221;]<\/p>\n<h2>Dokumenty do pobrania<\/h2>\n<p>[\/et_pb_text][et_pb_text _builder_version=&#8221;4.17.4&#8243; _module_preset=&#8221;default&#8221; text_font_size=&#8221;18px&#8221; link_text_color=&#8221;#697581&#8243; header_3_font=&#8221;|800|||||||&#8221; header_3_font_size=&#8221;20px&#8221; header_3_line_height=&#8221;1.2em&#8221; hover_enabled=&#8221;0&#8243; global_colors_info=&#8221;{}&#8221; link_text_color__hover_enabled=&#8221;on|hover&#8221; link_text_color__hover=&#8221;#FF0001&#8243; sticky_enabled=&#8221;0&#8243;]<\/p>\n<p><strong>Arkusz danych sk\u0142adnik\u00f3w dla personelu medycznego<\/strong><\/p>\n<ul>\n<li><a href=\"#\" target=\"_blank\" rel=\"noopener\">3D kulki wc, kostka wc, zapas wc<\/a><\/li>\n<li><a href=\"https:\/\/chemis.com.pl\/wp-content\/uploads\/2026\/03\/2.pdf\" target=\"_blank\" rel=\"noopener\">kr\u0105\u017cek wc<\/a><\/li>\n<\/ul>\n<p><strong>Publikacja listy sk\u0142adnik\u00f3w<\/strong><\/p>\n<ul>\n<li><a href=\"#\" target=\"_blank\" rel=\"noopener\">3D kulki wc, kostka wc, zapas wc<\/a><\/li>\n<li><a href=\"https:\/\/chemis.com.pl\/wp-content\/uploads\/2026\/03\/4.pdf\" target=\"_blank\" rel=\"noopener\">kr\u0105\u017cek wc<\/a><\/li>\n<\/ul>\n<p><strong>Karta charakterystyki 3D kulki wc, kostka wc, zapas wc<\/strong><\/p>\n<ul>\n<li><a href=\"mailto:firma@chemis.com.pl?subject=MSDS - 3D kulki wc zapach morski\">3D kulki wc zapach morski<\/a><\/li>\n<li><a href=\"mailto:firma@chemis.com.pl?subject=MSDS - 3D kulki wc zapach le\u015bny\">3D kulki wc zapach le\u015bny<\/a><\/li>\n<li><a href=\"mailto:firma@chemis.com.pl?subject=MSDS - 3D kulki wc zapach kwiatowy\">3D kulki wc zapach kwiatowy<\/a><\/li>\n<li><a href=\"mailto:firma@chemis.com.pl?subject=MSDS - 3D kulki wc zapach cytrynowy\">3D kulki wc zapach cytrynowy<\/a><\/li>\n<li><a href=\"mailto:firma@chemis.com.pl?subject=MSDS - 3D kulki wc barwi\u0105ce zapach morski\">3D kulki wc barwi\u0105ce zapach morski<\/a><\/li>\n<li><a href=\"mailto:firma@chemis.com.pl?subject=MSDS - 3D kulki wc barwi\u0105ce zapach le\u015bny\">3D kulki wc barwi\u0105ce zapach le\u015bny<\/a><\/li>\n<li><a href=\"mailto:firma@chemis.com.pl?subject=MSDS - kostka wc, zapas wc zapach morski\">kostka wc, zapas wc zapach morski<\/a><\/li>\n<li><a href=\"mailto:firma@chemis.com.pl?subject=MSDS - kostka wc, zapas wc zapach le\u015bny\">kostka wc, zapas wc zapach le\u015bny<\/a><\/li>\n<li><a href=\"mailto:firma@chemis.com.pl?subject=MSDS - kostka wc, zapas wc zapach kwiatowy\">kostka wc, zapas wc zapach kwiatowy<\/a><\/li>\n<li><a href=\"mailto:firma@chemis.com.pl?subject=MSDS - kostka wc, zapas wc zapach cytrynowy\">kostka wc, zapas wc zapach cytrynowy<\/a><\/li>\n<li><a href=\"mailto:firma@chemis.com.pl?subject=MSDS - kostka wc, zapas wc barwi\u0105ce zapach morski\">kostka wc, zapas wc barwi\u0105ce zapach morski<\/a><\/li>\n<li><a href=\"mailto:firma@chemis.com.pl?subject=MSDS - kostka wc, zapas wc barwi\u0105ce zapach le\u015bny\">kostka wc, zapas wc barwi\u0105ce zapach le\u015bny<\/a><\/li>\n<\/ul>\n<p><strong>Karta charakterystyki kr\u0105\u017cek wc<\/strong><\/p>\n<ul>\n<li><a href=\"mailto:firma@chemis.com.pl?subject=MSDS - kr\u0105\u017cek wc kolor niebieski\">kolor niebieski<\/a><\/li>\n<li><a href=\"mailto:firma@chemis.com.pl?subject=MSDS - kr\u0105\u017cek wc kolor zielony\">kolor zielony<\/a><\/li>\n<\/ul>\n<p>[\/et_pb_text][\/et_pb_column][et_pb_column type=&#8221;1_2&#8243; module_class=&#8221;ds-vertical-align&#8221; _builder_version=&#8221;4.16&#8243; _module_preset=&#8221;default&#8221; global_colors_info=&#8221;{}&#8221;][et_pb_image src=&#8221;https:\/\/chemis.com.pl\/wp-content\/uploads\/2021\/05\/Do-pobrania-1.jpg&#8221; title_text=&#8221;Do pobrania-1&#8243; _builder_version=&#8221;4.16&#8243; _module_preset=&#8221;default&#8221; border_radii=&#8221;on|10px|10px|10px|10px&#8221; global_colors_info=&#8221;{}&#8221;][\/et_pb_image][et_pb_image src=&#8221;https:\/\/chemis.com.pl\/wp-content\/uploads\/2021\/05\/Do-pobrania-2.jpg&#8221; title_text=&#8221;Do pobrania-2&#8243; _builder_version=&#8221;4.16&#8243; _module_preset=&#8221;default&#8221; border_radii=&#8221;on|10px|10px|10px|10px&#8221; global_colors_info=&#8221;{}&#8221;][\/et_pb_image][\/et_pb_column][\/et_pb_row][et_pb_row _builder_version=&#8221;4.16&#8243; _module_preset=&#8221;default&#8221; width=&#8221;100%&#8221; max_width=&#8221;100%&#8221; custom_margin=&#8221;0px||0px||true|false&#8221; custom_padding=&#8221;0px||0px||true|false&#8221; global_colors_info=&#8221;{}&#8221;][et_pb_column type=&#8221;4_4&#8243; _builder_version=&#8221;4.16&#8243; _module_preset=&#8221;default&#8221; global_colors_info=&#8221;{}&#8221;][et_pb_image src=&#8221;https:\/\/chemis.com.pl\/wp-content\/uploads\/2021\/02\/Home-3-bg.png&#8221; title_text=&#8221;Home-3-bg&#8221; show_bottom_space=&#8221;off&#8221; _builder_version=&#8221;4.16&#8243; _module_preset=&#8221;default&#8221; width=&#8221;10%&#8221; width_tablet=&#8221;20%&#8221; width_phone=&#8221;30%&#8221; width_last_edited=&#8221;on|phone&#8221; custom_margin=&#8221;0px||0px||true|false&#8221; custom_padding=&#8221;0px||0px||true|false&#8221; custom_css_main_element=&#8221;margin-bottom: -100px !important;||margin-top: -100px !important;&#8221; global_colors_info=&#8221;{}&#8221;][\/et_pb_image][\/et_pb_column][\/et_pb_row][\/et_pb_section][et_pb_section fb_built=&#8221;1&#8243; custom_padding_last_edited=&#8221;on|phone&#8221; _builder_version=&#8221;4.16&#8243; _module_preset=&#8221;default&#8221; background_color=&#8221;#effdff&#8221; custom_padding=&#8221;4%||4%||true|false&#8221; custom_padding_tablet=&#8221;6%||6%||true|false&#8221; custom_padding_phone=&#8221;8%||8%||true|false&#8221; global_colors_info=&#8221;{}&#8221;][et_pb_row module_id=&#8221;2&#8243; module_class=&#8221;custom_row&#8221; _builder_version=&#8221;4.16&#8243; _module_preset=&#8221;default&#8221; global_colors_info=&#8221;{}&#8221;][et_pb_column type=&#8221;4_4&#8243; module_id=&#8221;second-on-mobile&#8221; module_class=&#8221;ds-vertical-align&#8221; _builder_version=&#8221;4.16&#8243; _module_preset=&#8221;default&#8221; global_colors_info=&#8221;{}&#8221;][et_pb_text _builder_version=&#8221;4.16&#8243; _module_preset=&#8221;default&#8221; text_font_size=&#8221;18px&#8221; header_2_font=&#8221;|800|||||||&#8221; header_2_text_align=&#8221;center&#8221; header_2_font_size=&#8221;30px&#8221; text_orientation=&#8221;center&#8221; global_colors_info=&#8221;{}&#8221;]<\/p>\n<h2>Sprawd\u017a nasze produkty<\/h2>\n<p>[\/et_pb_text][\/et_pb_column][\/et_pb_row][et_pb_row _builder_version=&#8221;4.8.2&#8243; _module_preset=&#8221;default&#8221; global_module=&#8221;456&#8243; saved_tabs=&#8221;all&#8221; global_colors_info=&#8221;{}&#8221;][et_pb_column type=&#8221;4_4&#8243; _builder_version=&#8221;4.16&#8243; _module_preset=&#8221;default&#8221; global_colors_info=&#8221;{}&#8221;][dsm_card_carousel slide_to_show=&#8221;4&#8243; autoplay_speed=&#8221;4000&#8243; auto_height=&#8221;off&#8221; arrow_position_mobile=&#8221;outside&#8221; arrow_color=&#8221;#FF0001&#8243; dots_horizontal_placement=&#8221;-40px&#8221; dots_active_color=&#8221;#FF0001&#8243; dots_inactive_color=&#8221;rgba(22,22,51,0.41)&#8221; image_alignment=&#8221;center&#8221; _builder_version=&#8221;4.16&#8243; _module_preset=&#8221;default&#8221; header_font=&#8221;|700|||||||&#8221; header_text_align=&#8221;center&#8221; header_text_color=&#8221;#FFFFFF&#8221; global_colors_info=&#8221;{}&#8221;][dsm_card_carousel_child title=&#8221;3D kulki Miss CLO &#8211; kostka wc&#8221; image=&#8221;https:\/\/chemis.com.pl\/wp-content\/uploads\/2021\/03\/3D-kulki-Miss-CLO-\u2013-kostka-wc-bg.png&#8221; image_as_background=&#8221;off&#8221; image_alignment=&#8221;center&#8221; badge_url=&#8221;@ET-DC@eyJkeW5hbWljIjp0cnVlLCJjb250ZW50IjoicG9zdF9saW5rX3VybF9wYWdlIiwic2V0dGluZ3MiOnsicG9zdF9pZCI6IjMzOCJ9fQ==@&#8221; button_url_new_window=&#8221;1&#8243; _builder_version=&#8221;4.16&#8243; _dynamic_attributes=&#8221;badge_url,link_option_url&#8221; _module_preset=&#8221;default&#8221; link_option_url=&#8221;@ET-DC@eyJkeW5hbWljIjp0cnVlLCJjb250ZW50IjoicG9zdF9saW5rX3VybF9wYWdlIiwic2V0dGluZ3MiOnsicG9zdF9pZCI6IjMzOCJ9fQ==@&#8221; global_colors_info=&#8221;{}&#8221; parent_button=&#8221;off&#8221; parent_header_level=&#8221;h4&#8243;][\/dsm_card_carousel_child][dsm_card_carousel_child title=&#8221;3D kulki barwi\u0105ce &#8211; kostka wc&#8221; image=&#8221;https:\/\/chemis.com.pl\/wp-content\/uploads\/2021\/03\/3D-kulki-barwiace-\u2013-kostka-do-wc-bg.png&#8221; image_as_background=&#8221;off&#8221; image_alignment=&#8221;center&#8221; badge_url=&#8221;@ET-DC@eyJkeW5hbWljIjp0cnVlLCJjb250ZW50IjoicG9zdF9saW5rX3VybF9wYWdlIiwic2V0dGluZ3MiOnsicG9zdF9pZCI6IjQzOSJ9fQ==@&#8221; button_url_new_window=&#8221;1&#8243; _builder_version=&#8221;4.16&#8243; _dynamic_attributes=&#8221;badge_url,link_option_url&#8221; _module_preset=&#8221;default&#8221; link_option_url=&#8221;@ET-DC@eyJkeW5hbWljIjp0cnVlLCJjb250ZW50IjoicG9zdF9saW5rX3VybF9wYWdlIiwic2V0dGluZ3MiOnsicG9zdF9pZCI6IjQzOSJ9fQ==@&#8221; global_colors_info=&#8221;{}&#8221; parent_button=&#8221;off&#8221; parent_header_level=&#8221;h4&#8243;][\/dsm_card_carousel_child][dsm_card_carousel_child title=&#8221;Kostka wc barwi\u0105ca&#8221; image=&#8221;https:\/\/chemis.com.pl\/wp-content\/uploads\/2021\/02\/Kostka-wc-barwiaca-1.png&#8221; image_as_background=&#8221;off&#8221; image_alignment=&#8221;center&#8221; badge_url=&#8221;@ET-DC@eyJkeW5hbWljIjp0cnVlLCJjb250ZW50IjoicG9zdF9saW5rX3VybF9wYWdlIiwic2V0dGluZ3MiOnsicG9zdF9pZCI6IjQ3MiJ9fQ==@&#8221; button_url_new_window=&#8221;1&#8243; _builder_version=&#8221;4.16&#8243; _dynamic_attributes=&#8221;badge_url,link_option_url&#8221; _module_preset=&#8221;default&#8221; link_option_url=&#8221;@ET-DC@eyJkeW5hbWljIjp0cnVlLCJjb250ZW50IjoicG9zdF9saW5rX3VybF9wYWdlIiwic2V0dGluZ3MiOnsicG9zdF9pZCI6IjQ3MiJ9fQ==@&#8221; global_colors_info=&#8221;{}&#8221; parent_button=&#8221;off&#8221; parent_header_level=&#8221;h4&#8243;][\/dsm_card_carousel_child][dsm_card_carousel_child title=&#8221;Kostka wc Miss CLO&#8221; image=&#8221;https:\/\/chemis.com.pl\/wp-content\/uploads\/2021\/03\/Kostka-wc-Miss-CLO-bg.png&#8221; image_as_background=&#8221;off&#8221; image_alignment=&#8221;center&#8221; badge_url=&#8221;@ET-DC@eyJkeW5hbWljIjp0cnVlLCJjb250ZW50IjoicG9zdF9saW5rX3VybF9wYWdlIiwic2V0dGluZ3MiOnsicG9zdF9pZCI6IjQ5NCJ9fQ==@&#8221; button_url_new_window=&#8221;1&#8243; _builder_version=&#8221;4.16&#8243; _dynamic_attributes=&#8221;badge_url,link_option_url&#8221; _module_preset=&#8221;default&#8221; link_option_url=&#8221;@ET-DC@eyJkeW5hbWljIjp0cnVlLCJjb250ZW50IjoicG9zdF9saW5rX3VybF9wYWdlIiwic2V0dGluZ3MiOnsicG9zdF9pZCI6IjQ5NCJ9fQ==@&#8221; global_colors_info=&#8221;{}&#8221; parent_button=&#8221;off&#8221; parent_header_level=&#8221;h4&#8243;][\/dsm_card_carousel_child][dsm_card_carousel_child title=&#8221;Zapas do kostki Miss CLO&#8221; image=&#8221;https:\/\/chemis.com.pl\/wp-content\/uploads\/2021\/02\/Zapas-do-kostki-wc-Miss-CLO-1.png&#8221; image_as_background=&#8221;off&#8221; image_alignment=&#8221;center&#8221; badge_url=&#8221;@ET-DC@eyJkeW5hbWljIjp0cnVlLCJjb250ZW50IjoicG9zdF9saW5rX3VybF9wYWdlIiwic2V0dGluZ3MiOnsicG9zdF9pZCI6IjUxMSJ9fQ==@&#8221; button_url_new_window=&#8221;1&#8243; _builder_version=&#8221;4.16&#8243; _dynamic_attributes=&#8221;badge_url,link_option_url&#8221; _module_preset=&#8221;default&#8221; custom_padding=&#8221;||||false|false&#8221; link_option_url=&#8221;@ET-DC@eyJkeW5hbWljIjp0cnVlLCJjb250ZW50IjoicG9zdF9saW5rX3VybF9wYWdlIiwic2V0dGluZ3MiOnsicG9zdF9pZCI6IjUxMSJ9fQ==@&#8221; global_colors_info=&#8221;{}&#8221; parent_button=&#8221;off&#8221; parent_header_level=&#8221;h4&#8243;][\/dsm_card_carousel_child][dsm_card_carousel_child title=&#8221;Compact wc Miss CLO \u2013 w folii rozpuszczalnej w wodzie&#8221; image=&#8221;https:\/\/chemis.com.pl\/wp-content\/uploads\/2021\/03\/Compact-wc-Miss-CLO-\u2013-w-folii-rozpuszczalnej-w-wodzie-bg.png&#8221; image_as_background=&#8221;off&#8221; image_alignment=&#8221;center&#8221; badge_url=&#8221;@ET-DC@eyJkeW5hbWljIjp0cnVlLCJjb250ZW50IjoicG9zdF9saW5rX3VybF9wYWdlIiwic2V0dGluZ3MiOnsicG9zdF9pZCI6IjUyNSJ9fQ==@&#8221; button_url_new_window=&#8221;1&#8243; _builder_version=&#8221;4.16&#8243; _dynamic_attributes=&#8221;badge_url,link_option_url&#8221; _module_preset=&#8221;default&#8221; link_option_url=&#8221;@ET-DC@eyJkeW5hbWljIjp0cnVlLCJjb250ZW50IjoicG9zdF9saW5rX3VybF9wYWdlIiwic2V0dGluZ3MiOnsicG9zdF9pZCI6IjUyNSJ9fQ==@&#8221; global_colors_info=&#8221;{}&#8221; parent_button=&#8221;off&#8221; parent_header_level=&#8221;h4&#8243;][\/dsm_card_carousel_child][\/dsm_card_carousel][\/et_pb_column][\/et_pb_row][et_pb_row _builder_version=&#8221;4.16&#8243; _module_preset=&#8221;default&#8221; width=&#8221;100%&#8221; max_width=&#8221;100%&#8221; custom_margin=&#8221;0px||0px||true|false&#8221; custom_padding=&#8221;0px||0px||true|false&#8221; global_colors_info=&#8221;{}&#8221;][et_pb_column type=&#8221;4_4&#8243; _builder_version=&#8221;4.16&#8243; _module_preset=&#8221;default&#8221; global_colors_info=&#8221;{}&#8221;][et_pb_image src=&#8221;https:\/\/chemis.com.pl\/wp-content\/uploads\/2021\/02\/Home-2-bg.png&#8221; title_text=&#8221;Home-2-bg&#8221; show_bottom_space=&#8221;off&#8221; align=&#8221;right&#8221; _builder_version=&#8221;4.16&#8243; _module_preset=&#8221;default&#8221; width_tablet=&#8221;20%&#8221; width_phone=&#8221;30%&#8221; width_last_edited=&#8221;on|tablet&#8221; custom_margin=&#8221;0px||0px||true|false&#8221; custom_padding=&#8221;0px||0px||true|false&#8221; custom_css_main_element=&#8221;margin-bottom: -100px !important;||margin-top: -200px !important;&#8221; global_colors_info=&#8221;{}&#8221; custom_css_main_element_last_edited=&#8221;on|phone&#8221; custom_css_main_element_tablet=&#8221;margin-bottom: -100px !important;||margin-top: -100px !important;&#8221; custom_css_main_element_phone=&#8221;margin-bottom: -100px !important;||margin-top: -100px !important;&#8221;][\/et_pb_image][\/et_pb_column][\/et_pb_row][\/et_pb_section]<\/p>\n","protected":false},"excerpt":{"rendered":"<p>Dokumenty do pobraniaArkusz danych sk\u0142adnik\u00f3w dla personelu medycznego 3D kulki wc, kostka wc, zapas wc kr\u0105\u017cek wc Publikacja listy sk\u0142adnik\u00f3w 3D kulki wc, kostka wc, zapas wc kr\u0105\u017cek wc Karta charakterystyki 3D kulki wc, kostka wc, zapas wc 3D kulki wc zapach morski 3D kulki wc zapach le\u015bny 3D kulki wc zapach kwiatowy 3D kulki [&hellip;]<\/p>\n","protected":false},"author":1,"featured_media":0,"parent":0,"menu_order":0,"comment_status":"closed","ping_status":"closed","template":"","meta":{"_et_pb_use_builder":"on","_et_pb_old_content":"<!-- wp:divi\/placeholder \/-->","_et_gb_content_width":""},"yoast_head":"<!-- This site is optimized with the Yoast SEO plugin v18.8 - https:\/\/yoast.com\/wordpress\/plugins\/seo\/ -->\n<title>Do pobrania - Chemis - chemis.com.pl<\/title>\n<meta name=\"robots\" content=\"noindex, follow\" \/>\n<meta property=\"og:locale\" content=\"ru_RU\" \/>\n<meta property=\"og:type\" content=\"article\" \/>\n<meta property=\"og:title\" content=\"Do pobrania - Chemis - chemis.com.pl\" \/>\n<meta property=\"og:description\" content=\"Dokumenty do pobraniaArkusz danych sk\u0142adnik\u00f3w dla personelu medycznego 3D kulki wc, kostka wc, zapas wc kr\u0105\u017cek wc Publikacja listy sk\u0142adnik\u00f3w 3D kulki wc, kostka wc, zapas wc kr\u0105\u017cek wc Karta charakterystyki 3D kulki wc, kostka wc, zapas wc 3D kulki wc zapach morski 3D kulki wc zapach le\u015bny 3D kulki wc zapach kwiatowy 3D kulki [&hellip;]\" \/>\n<meta property=\"og:url\" content=\"https:\/\/chemis.com.pl\/ru\/do-pobrania\/\" \/>\n<meta property=\"og:site_name\" content=\"Chemis\" \/>\n<meta property=\"article:modified_time\" content=\"2026-03-16T13:29:30+00:00\" \/>\n<meta name=\"twitter:card\" content=\"summary_large_image\" \/>\n<meta name=\"twitter:label1\" content=\"\u041f\u0440\u0438\u043c\u0435\u0440\u043d\u043e\u0435 \u0432\u0440\u0435\u043c\u044f \u0434\u043b\u044f \u0447\u0442\u0435\u043d\u0438\u044f\" \/>\n\t<meta name=\"twitter:data1\" content=\"3 \u043c\u0438\u043d\u0443\u0442\u044b\" \/>\n<script type=\"application\/ld+json\" class=\"yoast-schema-graph\">{\"@context\":\"https:\/\/schema.org\",\"@graph\":[{\"@type\":\"WebSite\",\"@id\":\"https:\/\/chemis.com.pl\/#website\",\"url\":\"https:\/\/chemis.com.pl\/\",\"name\":\"Chemis\",\"description\":\"\",\"potentialAction\":[{\"@type\":\"SearchAction\",\"target\":{\"@type\":\"EntryPoint\",\"urlTemplate\":\"https:\/\/chemis.com.pl\/?s={search_term_string}\"},\"query-input\":\"required name=search_term_string\"}],\"inLanguage\":\"ru-RU\"},{\"@type\":\"WebPage\",\"@id\":\"https:\/\/chemis.com.pl\/do-pobrania\/#webpage\",\"url\":\"https:\/\/chemis.com.pl\/do-pobrania\/\",\"name\":\"Do pobrania - Chemis - chemis.com.pl\",\"isPartOf\":{\"@id\":\"https:\/\/chemis.com.pl\/#website\"},\"datePublished\":\"2021-05-11T10:12:20+00:00\",\"dateModified\":\"2026-03-16T13:29:30+00:00\",\"breadcrumb\":{\"@id\":\"https:\/\/chemis.com.pl\/do-pobrania\/#breadcrumb\"},\"inLanguage\":\"ru-RU\",\"potentialAction\":[{\"@type\":\"ReadAction\",\"target\":[\"https:\/\/chemis.com.pl\/do-pobrania\/\"]}]},{\"@type\":\"BreadcrumbList\",\"@id\":\"https:\/\/chemis.com.pl\/do-pobrania\/#breadcrumb\",\"itemListElement\":[{\"@type\":\"ListItem\",\"position\":1,\"name\":\"Home\",\"item\":\"https:\/\/chemis.com.pl\/\"},{\"@type\":\"ListItem\",\"position\":2,\"name\":\"Do pobrania\"}]}]}<\/script>\n<!-- \/ Yoast SEO plugin. -->","yoast_head_json":{"title":"Do pobrania - Chemis - chemis.com.pl","robots":{"index":"noindex","follow":"follow"},"og_locale":"ru_RU","og_type":"article","og_title":"Do pobrania - Chemis - chemis.com.pl","og_description":"Dokumenty do pobraniaArkusz danych sk\u0142adnik\u00f3w dla personelu medycznego 3D kulki wc, kostka wc, zapas wc kr\u0105\u017cek wc Publikacja listy sk\u0142adnik\u00f3w 3D kulki wc, kostka wc, zapas wc kr\u0105\u017cek wc Karta charakterystyki 3D kulki wc, kostka wc, zapas wc 3D kulki wc zapach morski 3D kulki wc zapach le\u015bny 3D kulki wc zapach kwiatowy 3D kulki [&hellip;]","og_url":"https:\/\/chemis.com.pl\/ru\/do-pobrania\/","og_site_name":"Chemis","article_modified_time":"2026-03-16T13:29:30+00:00","twitter_card":"summary_large_image","twitter_misc":{"\u041f\u0440\u0438\u043c\u0435\u0440\u043d\u043e\u0435 \u0432\u0440\u0435\u043c\u044f \u0434\u043b\u044f \u0447\u0442\u0435\u043d\u0438\u044f":"3 \u043c\u0438\u043d\u0443\u0442\u044b"},"schema":{"@context":"https:\/\/schema.org","@graph":[{"@type":"WebSite","@id":"https:\/\/chemis.com.pl\/#website","url":"https:\/\/chemis.com.pl\/","name":"Chemis","description":"","potentialAction":[{"@type":"SearchAction","target":{"@type":"EntryPoint","urlTemplate":"https:\/\/chemis.com.pl\/?s={search_term_string}"},"query-input":"required name=search_term_string"}],"inLanguage":"ru-RU"},{"@type":"WebPage","@id":"https:\/\/chemis.com.pl\/do-pobrania\/#webpage","url":"https:\/\/chemis.com.pl\/do-pobrania\/","name":"Do pobrania - Chemis - chemis.com.pl","isPartOf":{"@id":"https:\/\/chemis.com.pl\/#website"},"datePublished":"2021-05-11T10:12:20+00:00","dateModified":"2026-03-16T13:29:30+00:00","breadcrumb":{"@id":"https:\/\/chemis.com.pl\/do-pobrania\/#breadcrumb"},"inLanguage":"ru-RU","potentialAction":[{"@type":"ReadAction","target":["https:\/\/chemis.com.pl\/do-pobrania\/"]}]},{"@type":"BreadcrumbList","@id":"https:\/\/chemis.com.pl\/do-pobrania\/#breadcrumb","itemListElement":[{"@type":"ListItem","position":1,"name":"Home","item":"https:\/\/chemis.com.pl\/"},{"@type":"ListItem","position":2,"name":"Do pobrania"}]}]}},"_links":{"self":[{"href":"https:\/\/chemis.com.pl\/ru\/wp-json\/wp\/v2\/pages\/641"}],"collection":[{"href":"https:\/\/chemis.com.pl\/ru\/wp-json\/wp\/v2\/pages"}],"about":[{"href":"https:\/\/chemis.com.pl\/ru\/wp-json\/wp\/v2\/types\/page"}],"author":[{"embeddable":true,"href":"https:\/\/chemis.com.pl\/ru\/wp-json\/wp\/v2\/users\/1"}],"replies":[{"embeddable":true,"href":"https:\/\/chemis.com.pl\/ru\/wp-json\/wp\/v2\/comments?post=641"}],"version-history":[{"count":23,"href":"https:\/\/chemis.com.pl\/ru\/wp-json\/wp\/v2\/pages\/641\/revisions"}],"predecessor-version":[{"id":1065,"href":"https:\/\/chemis.com.pl\/ru\/wp-json\/wp\/v2\/pages\/641\/revisions\/1065"}],"wp:attachment":[{"href":"https:\/\/chemis.com.pl\/ru\/wp-json\/wp\/v2\/media?parent=641"}],"curies":[{"name":"wp","href":"https:\/\/api.w.org\/{rel}","templated":true}]}}